

{"id":1031,"date":"2022-12-09T16:11:18","date_gmt":"2022-12-09T15:11:18","guid":{"rendered":"https:\/\/www2.fishy.nu\/?page_id=1031"},"modified":"2025-12-07T23:12:15","modified_gmt":"2025-12-07T22:12:15","slug":"kontakta-oss","status":"publish","type":"page","link":"https:\/\/www.fishy.nu\/en\/kontakta-oss\/","title":{"rendered":"Contact Us"},"content":{"rendered":"<p class=\"has-vivid-red-background-color has-background has-medium-font-size\">NOTE: If your questions concern an existing fishing competition <em>as <\/em>not arranged by Fishy Tech (ie Pike and Perch open) then you should contact in the first instance <strong>the organizer<\/strong>!<\/p>\n\n\n\n<p>Do you have any other questions or concerns about Fishy Live or our services? Then you are most welcome to contact us. Fill out the form or contact us directly \u2013 we look forward to helping you!<\/p>\n\n\n\n<div class=\"wp-block-jetpack-contact-info\">\n<div style=\"height:100px\" aria-hidden=\"true\" class=\"wp-block-spacer\"><\/div>\n<\/div>\n\n\n\n<div class=\"wp-block-contact-form-7-contact-form-selector\">\n<div class=\"wpcf7 no-js\" id=\"wpcf7-f2672-o1\" lang=\"sv-SE\" dir=\"ltr\" data-wpcf7-id=\"2672\">\n<div class=\"screen-reader-response\"><p role=\"status\" aria-live=\"polite\" aria-atomic=\"true\"><\/p> <ul><\/ul><\/div>\n<form action=\"\/en\/wp-json\/wp\/v2\/pages\/1031#wpcf7-f2672-o1\" method=\"post\" class=\"wpcf7-form init\" aria-label=\"Contact form\" novalidate=\"novalidate\" data-status=\"init\" data-trp-original-action=\"\/en\/wp-json\/wp\/v2\/pages\/1031#wpcf7-f2672-o1\">\n<fieldset class=\"hidden-fields-container\"><input type=\"hidden\" name=\"_wpcf7\" value=\"2672\" \/><input type=\"hidden\" name=\"_wpcf7_version\" value=\"6.1.5\" \/><input type=\"hidden\" name=\"_wpcf7_locale\" value=\"sv_SE\" \/><input type=\"hidden\" name=\"_wpcf7_unit_tag\" value=\"wpcf7-f2672-o1\" \/><input type=\"hidden\" name=\"_wpcf7_container_post\" value=\"0\" \/><input type=\"hidden\" name=\"_wpcf7_posted_data_hash\" value=\"\" \/><input type=\"hidden\" name=\"_wpcf7_recaptcha_response\" value=\"\" \/>\n<\/fieldset>\n<p><label> Your name<br \/>\n<span class=\"wpcf7-form-control-wrap\" data-name=\"your-name\"><input size=\"40\" maxlength=\"400\" class=\"wpcf7-form-control wpcf7-text wpcf7-validates-as-required\" autocomplete=\"name\" aria-required=\"true\" aria-invalid=\"false\" value=\"\" type=\"text\" name=\"your-name\" \/><\/span> <\/label>\n<\/p>\n<p><label> Subject<br \/>\n<span class=\"wpcf7-form-control-wrap\" data-name=\"topic\"><select class=\"wpcf7-form-control wpcf7-select wpcf7-validates-as-required\" aria-required=\"true\" aria-invalid=\"false\" name=\"topic\"><option value=\"Anslutning Fishy Live\">Connection Fishy Live<\/option><option value=\"Mer information \u00f6nskas\">More information is desired<\/option><option value=\"Swedish Pike League\">Swedish Pike League<\/option><option value=\"Swedish Pike Open\">Swedish Pike Open<\/option><option value=\"Swedish Perch Open\">Swedish Perch Open<\/option><option value=\"Samarbete \/ Partnerskap\">Cooperation \/ Partnership<\/option><option value=\"Generell fr\u00e5ga\">General question<\/option><\/select><\/span> <\/label>\n<\/p>\n<p><label> Your e-mail<br \/>\n<span class=\"wpcf7-form-control-wrap\" data-name=\"your-email\"><input size=\"40\" maxlength=\"400\" class=\"wpcf7-form-control wpcf7-email wpcf7-validates-as-required wpcf7-text wpcf7-validates-as-email\" autocomplete=\"email\" aria-required=\"true\" aria-invalid=\"false\" value=\"\" type=\"email\" name=\"your-email\" \/><\/span> <\/label>\n<\/p>\n<p><label> Heading<br \/>\n<span class=\"wpcf7-form-control-wrap\" data-name=\"your-subject\"><input size=\"40\" maxlength=\"400\" class=\"wpcf7-form-control wpcf7-text wpcf7-validates-as-required\" aria-required=\"true\" aria-invalid=\"false\" value=\"\" type=\"text\" name=\"your-subject\" \/><\/span> <\/label>\n<\/p>\n<p><label> Your message (optional)<br \/>\n<span class=\"wpcf7-form-control-wrap\" data-name=\"your-message\"><textarea cols=\"40\" rows=\"10\" maxlength=\"2000\" class=\"wpcf7-form-control wpcf7-textarea\" aria-invalid=\"false\" name=\"your-message\"><\/textarea><\/span> <\/label>\n<\/p>\n\n<p><input class=\"wpcf7-form-control wpcf7-submit has-spinner\" type=\"submit\" value=\"Send\" \/>\n<\/p><div class=\"wpcf7-response-output\" aria-hidden=\"true\"><\/div>\n<input type=\"hidden\" name=\"trp-form-language\" value=\"en\"\/><\/form>\n<\/div>\n<\/div>","protected":false},"excerpt":{"rendered":"<p>NOTE: If your questions concern an existing fishing competition that is not organized by Fishy Tech (i.e. Pike and Perch open), you should first contact the organizer! Do you have other questions or concerns about Fishy Live or our services? Then you are most welcome to contact us. Fill out the form or contact \u2026<\/p>\n<p class=\"read-more\"> <a class=\"\" href=\"https:\/\/www.fishy.nu\/en\/kontakta-oss\/\"> <span class=\"screen-reader-text\">Contact Us<\/span> Read more &quot;<\/a><\/p>","protected":false},"author":2,"featured_media":0,"parent":0,"menu_order":0,"comment_status":"closed","ping_status":"closed","template":"","meta":{"_seopress_robots_primary_cat":"","_seopress_titles_title":"Kontakta Fishy Live | Kontakta oss | www.fishy.nu","_seopress_titles_desc":"Fr\u00e5gor om Fishy Live eller v\u00e5ra tj\u00e4nster? Fyll i formul\u00e4ret eller kontakta oss direkt \u2013 vi hj\u00e4lper dig g\u00e4rna!","_seopress_robots_index":"","site-sidebar-layout":"default","site-content-layout":"default","ast-global-header-display":"","ast-banner-title-visibility":"","ast-main-header-display":"","ast-hfb-above-header-display":"","ast-hfb-below-header-display":"","ast-hfb-mobile-header-display":"","site-post-title":"","ast-breadcrumbs-content":"","ast-featured-img":"","footer-sml-layout":"","theme-transparent-header-meta":"","adv-header-id-meta":"","stick-header-meta":"","header-above-stick-meta":"","header-main-stick-meta":"","header-below-stick-meta":"","footnotes":""},"class_list":["post-1031","page","type-page","status-publish","hentry"],"jetpack_sharing_enabled":true,"_links":{"self":[{"href":"https:\/\/www.fishy.nu\/en\/wp-json\/wp\/v2\/pages\/1031","targetHints":{"allow":["GET"]}}],"collection":[{"href":"https:\/\/www.fishy.nu\/en\/wp-json\/wp\/v2\/pages"}],"about":[{"href":"https:\/\/www.fishy.nu\/en\/wp-json\/wp\/v2\/types\/page"}],"author":[{"embeddable":true,"href":"https:\/\/www.fishy.nu\/en\/wp-json\/wp\/v2\/users\/2"}],"replies":[{"embeddable":true,"href":"https:\/\/www.fishy.nu\/en\/wp-json\/wp\/v2\/comments?post=1031"}],"version-history":[{"count":5,"href":"https:\/\/www.fishy.nu\/en\/wp-json\/wp\/v2\/pages\/1031\/revisions"}],"predecessor-version":[{"id":3881,"href":"https:\/\/www.fishy.nu\/en\/wp-json\/wp\/v2\/pages\/1031\/revisions\/3881"}],"wp:attachment":[{"href":"https:\/\/www.fishy.nu\/en\/wp-json\/wp\/v2\/media?parent=1031"}],"curies":[{"name":"wp","href":"https:\/\/api.w.org\/{rel}","templated":true}]}}