

{"id":2677,"date":"2023-06-01T16:55:21","date_gmt":"2023-06-01T15:55:21","guid":{"rendered":"https:\/\/www.fishy.nu\/?page_id=2677"},"modified":"2026-03-09T20:32:23","modified_gmt":"2026-03-09T19:32:23","slug":"faq-vanliga-fragor-och-svar","status":"publish","type":"page","link":"https:\/\/www.fishy.nu\/en\/faq-vanliga-fragor-och-svar\/","title":{"rendered":"FAQ - Frequently asked questions and answers"},"content":{"rendered":"<p>Here you will find answers to the most frequently asked questions about Fishy Live \u2013 for both participants and organizers. Can&#039;t find the answer you are looking for? <a href=\"\/en\/kontakta-oss\/\">Contact Us<\/a> then we will help you.<\/p>\n\n\n\n<hr class=\"wp-block-separator has-alpha-channel-opacity\"\/>\n\n\n\n<h3 class=\"wp-block-heading\">For participants<\/h3>\n\n\n\n\n\n<h3 class=\"wp-block-heading\">For organizers<\/h3>\n\n\n\n\n\n<h3 class=\"wp-block-heading\">Technology and safety<\/h3>\n\n\n\n\n\n<div style=\"height:100px\" aria-hidden=\"true\" class=\"wp-block-spacer\"><\/div>","protected":false},"excerpt":{"rendered":"<p>Here you will find answers to the most frequently asked questions about Fishy Live \u2013 for both participants and organizers. Can&#039;t find the answer you are looking for? Contact us and we will help you. For participants For organizers Technology and safety<\/p>","protected":false},"author":1,"featured_media":0,"parent":0,"menu_order":0,"comment_status":"closed","ping_status":"closed","template":"","meta":{"_seopress_robots_primary_cat":"","_seopress_titles_title":"FAQ Fishy Live \u2013 Svar p\u00e5 login, fusk och GPS | www.fishy.nu","_seopress_titles_desc":"F\u00e5 svar p\u00e5 login, rapportering, fusk och GPS-skydd i Fishy Live FAQ. L\u00e4r dig hur appen skyddar t\u00e4vlingsdata \u2013 l\u00e4s nu!","_seopress_robots_index":"","_seopress_analysis_target_kw":"FAQ,Fishy,Fishy Live,Vanliga Fr\u00e5gor,Svar","site-sidebar-layout":"default","site-content-layout":"default","ast-global-header-display":"","ast-banner-title-visibility":"","ast-main-header-display":"","ast-hfb-above-header-display":"","ast-hfb-below-header-display":"","ast-hfb-mobile-header-display":"","site-post-title":"","ast-breadcrumbs-content":"","ast-featured-img":"","footer-sml-layout":"","theme-transparent-header-meta":"","adv-header-id-meta":"","stick-header-meta":"","header-above-stick-meta":"","header-main-stick-meta":"","header-below-stick-meta":"","footnotes":""},"class_list":["post-2677","page","type-page","status-publish","hentry"],"jetpack_sharing_enabled":true,"_links":{"self":[{"href":"https:\/\/www.fishy.nu\/en\/wp-json\/wp\/v2\/pages\/2677","targetHints":{"allow":["GET"]}}],"collection":[{"href":"https:\/\/www.fishy.nu\/en\/wp-json\/wp\/v2\/pages"}],"about":[{"href":"https:\/\/www.fishy.nu\/en\/wp-json\/wp\/v2\/types\/page"}],"author":[{"embeddable":true,"href":"https:\/\/www.fishy.nu\/en\/wp-json\/wp\/v2\/users\/1"}],"replies":[{"embeddable":true,"href":"https:\/\/www.fishy.nu\/en\/wp-json\/wp\/v2\/comments?post=2677"}],"version-history":[{"count":15,"href":"https:\/\/www.fishy.nu\/en\/wp-json\/wp\/v2\/pages\/2677\/revisions"}],"predecessor-version":[{"id":4065,"href":"https:\/\/www.fishy.nu\/en\/wp-json\/wp\/v2\/pages\/2677\/revisions\/4065"}],"wp:attachment":[{"href":"https:\/\/www.fishy.nu\/en\/wp-json\/wp\/v2\/media?parent=2677"}],"curies":[{"name":"wp","href":"https:\/\/api.w.org\/{rel}","templated":true}]}}