

{"id":4068,"date":"2026-03-12T13:30:15","date_gmt":"2026-03-12T12:30:15","guid":{"rendered":"https:\/\/www.fishy.nu\/?page_id=4068"},"modified":"2026-03-12T13:31:56","modified_gmt":"2026-03-12T12:31:56","slug":"sportfiskarna","status":"publish","type":"page","link":"https:\/\/www.fishy.nu\/en\/sportfiskarna\/","title":{"rendered":"The anglers&#039; competition app"},"content":{"rendered":"<p>Fishy Tech has been entrusted by Sportfiskarna to develop their new official competition app. The solution will be used at upcoming <strong>DM and SM competitions<\/strong> in, among other things <strong>pike<\/strong> and <strong>perch<\/strong> \u2013 a strong recognition of our platform and its role in future sport fishing competitions.<\/p>\n\n\n\n<p><em>More information coming soon!!<\/em><\/p>\n\n\n\n<p><\/p>","protected":false},"excerpt":{"rendered":"<p>Fishy Tech har f\u00e5tt f\u00f6rtroendet av Sportfiskarna att utveckla deras nya officiella t\u00e4vlingsapp. L\u00f6sningen kommer att anv\u00e4ndas vid kommande DM- och SM-t\u00e4vlingar i bland annat g\u00e4dda och abborre \u2013 ett starkt erk\u00e4nnande f\u00f6r v\u00e5r plattform och dess roll i framtidens sportfisket\u00e4vlingar. Mer information kommer inom kort!!<\/p>","protected":false},"author":1,"featured_media":4071,"parent":0,"menu_order":0,"comment_status":"closed","ping_status":"closed","template":"","meta":{"_seopress_robots_primary_cat":"","_seopress_titles_title":"","_seopress_titles_desc":"","_seopress_robots_index":"","site-sidebar-layout":"default","site-content-layout":"default","ast-global-header-display":"","ast-banner-title-visibility":"","ast-main-header-display":"","ast-hfb-above-header-display":"","ast-hfb-below-header-display":"","ast-hfb-mobile-header-display":"","site-post-title":"","ast-breadcrumbs-content":"","ast-featured-img":"","footer-sml-layout":"","theme-transparent-header-meta":"","adv-header-id-meta":"","stick-header-meta":"","header-above-stick-meta":"","header-main-stick-meta":"","header-below-stick-meta":"","footnotes":""},"class_list":["post-4068","page","type-page","status-publish","has-post-thumbnail","hentry"],"jetpack_sharing_enabled":true,"_links":{"self":[{"href":"https:\/\/www.fishy.nu\/en\/wp-json\/wp\/v2\/pages\/4068","targetHints":{"allow":["GET"]}}],"collection":[{"href":"https:\/\/www.fishy.nu\/en\/wp-json\/wp\/v2\/pages"}],"about":[{"href":"https:\/\/www.fishy.nu\/en\/wp-json\/wp\/v2\/types\/page"}],"author":[{"embeddable":true,"href":"https:\/\/www.fishy.nu\/en\/wp-json\/wp\/v2\/users\/1"}],"replies":[{"embeddable":true,"href":"https:\/\/www.fishy.nu\/en\/wp-json\/wp\/v2\/comments?post=4068"}],"version-history":[{"count":1,"href":"https:\/\/www.fishy.nu\/en\/wp-json\/wp\/v2\/pages\/4068\/revisions"}],"predecessor-version":[{"id":4072,"href":"https:\/\/www.fishy.nu\/en\/wp-json\/wp\/v2\/pages\/4068\/revisions\/4072"}],"wp:featuredmedia":[{"embeddable":true,"href":"https:\/\/www.fishy.nu\/en\/wp-json\/wp\/v2\/media\/4071"}],"wp:attachment":[{"href":"https:\/\/www.fishy.nu\/en\/wp-json\/wp\/v2\/media?parent=4068"}],"curies":[{"name":"wp","href":"https:\/\/api.w.org\/{rel}","templated":true}]}}