

{"id":1004,"date":"2022-12-09T15:44:21","date_gmt":"2022-12-09T14:44:21","guid":{"rendered":"https:\/\/www2.fishy.nu\/?page_id=1004"},"modified":"2026-03-09T13:55:37","modified_gmt":"2026-03-09T12:55:37","slug":"app","status":"publish","type":"page","link":"https:\/\/www.fishy.nu\/no\/app\/","title":{"rendered":"Bruk appen Fishy Live!"},"content":{"rendered":"<p>Fishy Live-appen er gratis for alle deltakere. Last ned, logg inn med l\u00f8pskoden din og rapporter fangster direkte fra b\u00e5ten. Appen fungerer ogs\u00e5 uten mobildekning \u2013 rapporter legges i k\u00f8 og sendes automatisk n\u00e5r nettverket kommer tilbake.<\/p>\n\n\n\n<hr class=\"wp-block-separator has-alpha-channel-opacity\"\/>\n\n\n\n<h2 class=\"wp-block-heading\">Last ned<\/h2>\n\n\n\n<p>S\u00f8k etter \u201dFishy Live\u201d i App Store eller Google Play, eller bruk lenkene nedenfor:<\/p>\n\n\n\n<div class=\"wp-block-columns has-black-background-color has-background is-layout-flex wp-container-core-columns-is-layout-28f84493 wp-block-columns-is-layout-flex\">\n<div class=\"wp-block-column is-layout-flow wp-block-column-is-layout-flow\">\n<div class=\"wp-block-media-text is-stacked-on-mobile\" style=\"grid-template-columns:15% auto\"><figure class=\"wp-block-media-text__media\"><a href=\"https:\/\/apps.apple.com\/ph\/app\/fishy-live\/id1513965813#?platform=iphone\"><img data-recalc-dims=\"1\" loading=\"lazy\" decoding=\"async\" width=\"256\" height=\"256\" src=\"https:\/\/i0.wp.com\/www2.fishy.nu\/wp-content\/uploads\/2022\/12\/apple-icon-1.png?resize=256%2C256&#038;ssl=1\" alt=\"\" class=\"wp-image-1012 size-full\" srcset=\"https:\/\/i0.wp.com\/www.fishy.nu\/wp-content\/uploads\/2022\/12\/apple-icon-1.png?w=256&amp;ssl=1 256w, https:\/\/i0.wp.com\/www.fishy.nu\/wp-content\/uploads\/2022\/12\/apple-icon-1.png?resize=150%2C150&amp;ssl=1 150w, https:\/\/i0.wp.com\/www.fishy.nu\/wp-content\/uploads\/2022\/12\/apple-icon-1.png?resize=12%2C12&amp;ssl=1 12w\" sizes=\"auto, (max-width: 256px) 100vw, 256px\" \/><\/a><\/figure><div class=\"wp-block-media-text__content\">\n<p><strong><a href=\"https:\/\/apps.apple.com\/ph\/app\/fishy-live\/id1513965813#?platform=iphone\">iPhone\/iPad<\/a><\/strong><\/p>\n\n\n\n<div class=\"wp-block-buttons is-layout-flex wp-block-buttons-is-layout-flex\">\n<div class=\"wp-block-button\"><a class=\"wp-block-button__link wp-element-button\" href=\"https:\/\/apps.apple.com\/ph\/app\/fishy-live\/id1513965813#?platform=iphone\">Last ned gratis<\/a><\/div>\n<\/div>\n<\/div><\/div>\n<\/div>\n\n\n\n<div class=\"wp-block-column is-layout-flow wp-block-column-is-layout-flow\">\n<div class=\"wp-block-media-text is-stacked-on-mobile\" style=\"grid-template-columns:15% auto\"><figure class=\"wp-block-media-text__media\"><a href=\"https:\/\/play.google.com\/store\/apps\/details?id=nu.fishy.app\"><img data-recalc-dims=\"1\" loading=\"lazy\" decoding=\"async\" width=\"256\" height=\"256\" src=\"https:\/\/i0.wp.com\/www2.fishy.nu\/wp-content\/uploads\/2022\/12\/android-icon-1.png?resize=256%2C256&#038;ssl=1\" alt=\"\" class=\"wp-image-1011 size-full\" srcset=\"https:\/\/i0.wp.com\/www.fishy.nu\/wp-content\/uploads\/2022\/12\/android-icon-1.png?w=256&amp;ssl=1 256w, https:\/\/i0.wp.com\/www.fishy.nu\/wp-content\/uploads\/2022\/12\/android-icon-1.png?resize=150%2C150&amp;ssl=1 150w, https:\/\/i0.wp.com\/www.fishy.nu\/wp-content\/uploads\/2022\/12\/android-icon-1.png?resize=12%2C12&amp;ssl=1 12w\" sizes=\"auto, (max-width: 256px) 100vw, 256px\" \/><\/a><\/figure><div class=\"wp-block-media-text__content\">\n<p><strong><a href=\"https:\/\/play.google.com\/store\/apps\/details?id=nu.fishy.app\">Android<\/a><\/strong><\/p>\n\n\n\n<div class=\"wp-block-buttons is-layout-flex wp-block-buttons-is-layout-flex\">\n<div class=\"wp-block-button\"><a class=\"wp-block-button__link wp-element-button\" href=\"https:\/\/play.google.com\/store\/apps\/details?id=nu.fishy.app\">Last ned gratis<\/a><\/div>\n<\/div>\n<\/div><\/div>\n<\/div>\n<\/div>\n\n\n\n<div style=\"height:40px\" aria-hidden=\"true\" class=\"wp-block-spacer\"><\/div>\n\n\n\n<h2 class=\"wp-block-heading\">Hvordan det fungerer<\/h2>\n\n\n\n<div class=\"wp-block-columns is-layout-flex wp-container-core-columns-is-layout-28f84493 wp-block-columns-is-layout-flex\">\n<div class=\"wp-block-column is-layout-flow wp-block-column-is-layout-flow\">\n<h3 class=\"wp-block-heading\">1. Logg inn<\/h3>\n\n\n\n<p>Etter registrering vil du motta en 8\u201310-sifret kode via SMS og e-post. Skriv inn koden i appen, s\u00e5 blir du logget inn.<\/p>\n<\/div>\n\n\n\n<div class=\"wp-block-column is-layout-flow wp-block-column-is-layout-flow\">\n<h3 class=\"wp-block-heading\">2. Rapport<\/h3>\n\n\n\n<p>N\u00e5r du blir tatt: \u00e5pne appen, ta et bilde, skriv inn m\u00e5l og trykk send. Du vil bli varslet umiddelbart n\u00e5r rapporten er mottatt.<\/p>\n<\/div>\n\n\n\n<div class=\"wp-block-column is-layout-flow wp-block-column-is-layout-flow\">\n<h3 class=\"wp-block-heading\">3. F\u00f8lg resultatene<\/h3>\n\n\n\n<p>Se resultater i sanntid, les reglene og motta push-varsler n\u00e5r rapporten din er godkjent eller m\u00e5 justeres.<\/p>\n<\/div>\n<\/div>\n\n\n\n<div style=\"height:40px\" aria-hidden=\"true\" class=\"wp-block-spacer\"><\/div>\n\n\n\n<h2 class=\"wp-block-heading\">Funksjoner<\/h2>\n\n\n\n<div class=\"wp-block-columns is-layout-flex wp-container-core-columns-is-layout-28f84493 wp-block-columns-is-layout-flex\">\n<div class=\"wp-block-column is-layout-flow wp-block-column-is-layout-flow\">\n<p><strong>Fungerer offline<\/strong><br>Ingen dekning? Ikke noe problem. Rapporter lagres lokalt og sendes automatisk n\u00e5r du f\u00e5r nettdekning igjen.<\/p>\n\n\n\n<p><strong>Rask tilbakemelding<\/strong><br>Push-varsler forteller deg umiddelbart om rapporten din er mottatt, godkjent eller m\u00e5 fullf\u00f8res.<\/p>\n\n\n\n<p><strong>Flere bilder<\/strong><br>Ta flere bilder per rapport i henhold til arrang\u00f8rens instruksjoner.<\/p>\n<\/div>\n\n\n\n<div class=\"wp-block-column is-layout-flow wp-block-column-is-layout-flow\">\n<p><strong>GPS-beskyttelse<\/strong><br>Alle posisjonsdata slettes automatisk fra bildene f\u00f8r de publiseres. Fiskestedene dine forblir hemmelige.<\/p>\n\n\n\n<p><strong>Teamst\u00f8tte<\/strong><br>Alle i teamet kan logge inn med samme kode og rapportere fra sine egne telefoner.<\/p>\n\n\n\n<p><strong>Flere konkurranser<\/strong><br>Delta i flere konkurranser samtidig \u2013 bytt mellom dem ved \u00e5 logge inn med forskjellige koder.<\/p>\n<\/div>\n<\/div>\n\n\n\n<div style=\"height:40px\" aria-hidden=\"true\" class=\"wp-block-spacer\"><\/div>\n\n\n\n<h2 class=\"wp-block-heading\">Ofte stilte sp\u00f8rsm\u00e5l<\/h2>\n\n\n\n<h3 class=\"wp-block-heading\">Hvor f\u00e5r jeg tak i innloggingskoden min?<\/h3>\n\n\n\n<p>Koden sendes automatisk via SMS og e-post etter at du har registrert deg og betalt. Hvis arrang\u00f8ren la deg til manuelt, vil du motta koden direkte fra dem. Glemt koden? Kontakt arrang\u00f8ren.<\/p>\n\n\n\n<h3 class=\"wp-block-heading\">Burde koden v\u00e6re synlig p\u00e5 bildene?<\/h3>\n\n\n\n<p>Nei, din 8-sifrede innloggingskode er personlig og b\u00f8r holdes hemmelig. Hvis arrang\u00f8ren krever et nummer eller et bildemerke i et bilde, er det en annen kode som du vil motta separat.<\/p>\n\n\n\n<h3 class=\"wp-block-heading\">Koster appen noe?<\/h3>\n\n\n\n<p>Nei, appen er helt gratis for deltakerne. Last ned og bruk den gratis.<\/p>\n\n\n\n<div style=\"height:40px\" aria-hidden=\"true\" class=\"wp-block-spacer\"><\/div>\n\n\n\n<figure class=\"wp-block-image size-full is-resized\"><a href=\"https:\/\/www.fishy.nu\/wp-content\/uploads\/2023\/01\/Fishy-Information-flsi3z.pdf\"><img data-recalc-dims=\"1\" loading=\"lazy\" decoding=\"async\" width=\"380\" height=\"560\" src=\"https:\/\/i0.wp.com\/www.fishy.nu\/wp-content\/uploads\/2023\/01\/flygblad.png?resize=380%2C560&#038;ssl=1\" alt=\"\" class=\"wp-image-2205\" style=\"width:210px;height:auto\" srcset=\"https:\/\/i0.wp.com\/www.fishy.nu\/wp-content\/uploads\/2023\/01\/flygblad.png?w=380&amp;ssl=1 380w, https:\/\/i0.wp.com\/www.fishy.nu\/wp-content\/uploads\/2023\/01\/flygblad.png?resize=204%2C300&amp;ssl=1 204w, https:\/\/i0.wp.com\/www.fishy.nu\/wp-content\/uploads\/2023\/01\/flygblad.png?resize=8%2C12&amp;ssl=1 8w\" sizes=\"auto, (max-width: 380px) 100vw, 380px\" \/><\/a><figcaption class=\"wp-element-caption\"><em>Last ned brosjyre med informasjon om appen (PDF)<\/em><\/figcaption><\/figure>\n\n\n\n<div style=\"height:100px\" aria-hidden=\"true\" class=\"wp-block-spacer\"><\/div>","protected":false},"excerpt":{"rendered":"<p>Fishy Live-appen er gratis for alle deltakere. Last ned, logg inn med l\u00f8pskode og rapporter fangster direkte fra b\u00e5ten. Appen fungerer ogs\u00e5 uten mobildekning \u2013 rapporter legges i k\u00f8 og sendes automatisk n\u00e5r nettverket kommer tilbake. Last ned S\u00f8k etter \u201dFishy Live\u201d i App Store eller Google Play, eller bruk lenkene nedenfor: iPhone \/ iPad Android \u2026<\/p>\n<p class=\"read-more\"> <a class=\"\" href=\"https:\/\/www.fishy.nu\/no\/app\/\"> <span class=\"screen-reader-text\">Bruk appen Fishy Live!<\/span> Les mer &quot;<\/a><\/p>","protected":false},"author":2,"featured_media":3230,"parent":0,"menu_order":0,"comment_status":"closed","ping_status":"closed","template":"","meta":{"_seopress_robots_primary_cat":"","_seopress_titles_title":"Fishy Live App \u2013 Rapportera f\u00e5ngster snabbt | www.fishy.nu","_seopress_titles_desc":"Ladda ner Fishy Live-appen f\u00f6r iPhone eller Android och rapportera dina fisket\u00e4vlingf\u00e5ngster med bilder, GPS och snabb \u00e5terkoppling. Se hur.","_seopress_robots_index":"","site-sidebar-layout":"default","site-content-layout":"default","ast-global-header-display":"","ast-banner-title-visibility":"","ast-main-header-display":"","ast-hfb-above-header-display":"","ast-hfb-below-header-display":"","ast-hfb-mobile-header-display":"","site-post-title":"","ast-breadcrumbs-content":"","ast-featured-img":"","footer-sml-layout":"","theme-transparent-header-meta":"","adv-header-id-meta":"","stick-header-meta":"","header-above-stick-meta":"","header-main-stick-meta":"","header-below-stick-meta":"","footnotes":""},"class_list":["post-1004","page","type-page","status-publish","has-post-thumbnail","hentry"],"jetpack_sharing_enabled":true,"_links":{"self":[{"href":"https:\/\/www.fishy.nu\/no\/wp-json\/wp\/v2\/pages\/1004","targetHints":{"allow":["GET"]}}],"collection":[{"href":"https:\/\/www.fishy.nu\/no\/wp-json\/wp\/v2\/pages"}],"about":[{"href":"https:\/\/www.fishy.nu\/no\/wp-json\/wp\/v2\/types\/page"}],"author":[{"embeddable":true,"href":"https:\/\/www.fishy.nu\/no\/wp-json\/wp\/v2\/users\/2"}],"replies":[{"embeddable":true,"href":"https:\/\/www.fishy.nu\/no\/wp-json\/wp\/v2\/comments?post=1004"}],"version-history":[{"count":28,"href":"https:\/\/www.fishy.nu\/no\/wp-json\/wp\/v2\/pages\/1004\/revisions"}],"predecessor-version":[{"id":4053,"href":"https:\/\/www.fishy.nu\/no\/wp-json\/wp\/v2\/pages\/1004\/revisions\/4053"}],"wp:featuredmedia":[{"embeddable":true,"href":"https:\/\/www.fishy.nu\/no\/wp-json\/wp\/v2\/media\/3230"}],"wp:attachment":[{"href":"https:\/\/www.fishy.nu\/no\/wp-json\/wp\/v2\/media?parent=1004"}],"curies":[{"name":"wp","href":"https:\/\/api.w.org\/{rel}","templated":true}]}}