

{"id":1021,"date":"2022-12-09T15:59:01","date_gmt":"2022-12-09T14:59:01","guid":{"rendered":"https:\/\/www2.fishy.nu\/?page_id=1021"},"modified":"2026-03-09T14:23:34","modified_gmt":"2026-03-09T13:23:34","slug":"om-oss","status":"publish","type":"page","link":"https:\/\/www.fishy.nu\/no\/om-oss\/","title":{"rendered":"Om oss"},"content":{"rendered":"<div class=\"inherit-container-width wp-block-group has-text-color has-background is-layout-constrained wp-block-group-is-layout-constrained\" style=\"color:#161616;background-color:#161616\">\n<div class=\"wp-block-media-text alignwide is-stacked-on-mobile is-vertically-aligned-center\" style=\"grid-template-columns:34% auto\"><figure class=\"wp-block-media-text__media\"><img data-recalc-dims=\"1\" loading=\"lazy\" decoding=\"async\" width=\"500\" height=\"664\" src=\"https:\/\/i0.wp.com\/www2.fishy.nu\/wp-content\/uploads\/2022\/12\/font-1.png?resize=500%2C664&#038;ssl=1\" alt=\"\" class=\"wp-image-1028 size-full\" srcset=\"https:\/\/i0.wp.com\/www.fishy.nu\/wp-content\/uploads\/2022\/12\/font-1.png?w=500&amp;ssl=1 500w, https:\/\/i0.wp.com\/www.fishy.nu\/wp-content\/uploads\/2022\/12\/font-1.png?resize=226%2C300&amp;ssl=1 226w, https:\/\/i0.wp.com\/www.fishy.nu\/wp-content\/uploads\/2022\/12\/font-1.png?resize=9%2C12&amp;ssl=1 9w\" sizes=\"auto, (max-width: 500px) 100vw, 500px\" \/><\/figure><div class=\"wp-block-media-text__content\">\n<h2 class=\"wp-block-heading has-text-color\" style=\"color:#ffffff\">Om Fishy Tech<\/h2>\n\n\n\n<p class=\"has-white-color has-text-color\">Fishy Tech Sweden utvikler Fishy Live \u2013 en digital plattform for fiskekonkurranser. Siden lanseringen i 2018 har systemet blitt brukt i hundrevis av konkurranser, fra lokale klubbarrangementer til svenske og danske mesterskap i flere disipliner.<\/p>\n\n\n\n<p class=\"has-white-color has-text-color\">Vi er et svensk aksjeselskap med r\u00f8tter i b\u00e5de sportsfiske- og teknologibransjen. Teamet bak Fishy Live har lang erfaring med \u00e5 bygge digitale tjenester og en genuin forst\u00e5else av hva arrang\u00f8rer og deltakere trenger.<\/p>\n\n\n\n<h3 class=\"wp-block-heading has-text-color\" style=\"color:#ffffff\">Fishy Live<\/h3>\n\n\n\n<p class=\"has-white-color has-text-color\">Plattformen h\u00e5ndterer hele konkurranseflyten: registrering, betaling, rapportering, bed\u00f8mming og live-resultater. Appen fungerer offline, har innebygd anti-juks-beskyttelse og st\u00f8tter alt fra enkle langrennskonkurranser til komplekse multisportformater med klasser og daglige grenser.<\/p>\n\n\n\n<p class=\"has-white-color has-text-color\">Fishy Live er Sportfiskarnas offisielle partnerl\u00f8sning for digitale fiskekonkurranser.<\/p>\n\n\n\n<h3 class=\"wp-block-heading has-text-color\" style=\"color:#ffffff\">Teamet<\/h3>\n\n\n\n<p class=\"has-white-color has-text-color\">Selskapet ble grunnlagt av Jan Olsson (FishEco), Thomas Abrahamsson (grunnlegger av iFiske.se) og K\u00e5da Development AB. Sammen kombinerer vi erfaring fra sportsfiskebransjen med teknisk ekspertise innen apputvikling og digitale tjenester.<\/p>\n\n\n\n<div class=\"wp-block-buttons is-layout-flex wp-block-buttons-is-layout-flex\">\n<div class=\"wp-block-button\"><a class=\"wp-block-button__link wp-element-button\" href=\"\/no\/kontakta-oss\/\">Kontakt oss<\/a><\/div>\n<\/div>\n\n\n\n<div style=\"height:36px\" aria-hidden=\"true\" class=\"wp-block-spacer\"><\/div>\n\n\n\n<ul class=\"wp-block-social-links is-layout-flex wp-block-social-links-is-layout-flex\"><li class=\"wp-social-link wp-social-link-facebook  wp-block-social-link\"><a href=\"https:\/\/www.facebook.com\/fishytech\/\" class=\"wp-block-social-link-anchor\"><svg width=\"24\" height=\"24\" viewbox=\"0 0 24 24\" version=\"1.1\" xmlns=\"http:\/\/www.w3.org\/2000\/svg\" aria-hidden=\"true\" focusable=\"false\"><path d=\"M12 2C6.5 2 2 6.5 2 12c0 5 3.7 9.1 8.4 9.9v-7H7.9V12h2.5V9.8c0-2.5 1.5-3.9 3.8-3.9 1.1 0 2.2.2 2.2.2v2.5h-1.3c-1.2 0-1.6.8-1.6 1.6V12h2.8l-.4 2.9h-2.3v7C18.3 21.1 22 17 22 12c0-5.5-4.5-10-10-10z\"><\/path><\/svg><span class=\"wp-block-social-link-label screen-reader-text\">Facebook<\/span><\/a><\/li><\/ul>\n<\/div><\/div>\n<\/div>","protected":false},"excerpt":{"rendered":"<p>Om Fishy Tech Fishy Tech Sweden utvikler Fishy Live \u2013 en digital plattform for fiskekonkurranser. Siden lanseringen i 2018 har systemet blitt brukt i hundrevis av konkurranser, fra lokale klubbarrangementer til SM og DM i flere disipliner. Vi er et svensk aksjeselskap med r\u00f8tter i b\u00e5de sportsfiske og teknologibransjen. Teamet bak Fishy Live har lang erfaring med \u2026<\/p>\n<p class=\"read-more\"> <a class=\"\" href=\"https:\/\/www.fishy.nu\/no\/om-oss\/\"> <span class=\"screen-reader-text\">Om oss<\/span> Les mer &quot;<\/a><\/p>","protected":false},"author":2,"featured_media":0,"parent":0,"menu_order":0,"comment_status":"closed","ping_status":"closed","template":"","meta":{"_seopress_robots_primary_cat":"","_seopress_titles_title":"Om Fishy Tech \u2013 Din guide till Fishy Live app | www.fishy.nu","_seopress_titles_desc":"Uppt\u00e4ck hur Fishy Tech revolutionerar fisket\u00e4vlingar med appen Fishy Live \u2013 snabb, anv\u00e4ndarv\u00e4nlig och h\u00e5llbar. L\u00e4s mer p\u00e5 www.fishy.nu.","_seopress_robots_index":"","site-sidebar-layout":"default","site-content-layout":"default","ast-global-header-display":"","ast-banner-title-visibility":"","ast-main-header-display":"","ast-hfb-above-header-display":"","ast-hfb-below-header-display":"","ast-hfb-mobile-header-display":"","site-post-title":"","ast-breadcrumbs-content":"","ast-featured-img":"","footer-sml-layout":"","theme-transparent-header-meta":"","adv-header-id-meta":"","stick-header-meta":"","header-above-stick-meta":"","header-main-stick-meta":"","header-below-stick-meta":"","footnotes":""},"class_list":["post-1021","page","type-page","status-publish","hentry"],"jetpack_sharing_enabled":true,"_links":{"self":[{"href":"https:\/\/www.fishy.nu\/no\/wp-json\/wp\/v2\/pages\/1021","targetHints":{"allow":["GET"]}}],"collection":[{"href":"https:\/\/www.fishy.nu\/no\/wp-json\/wp\/v2\/pages"}],"about":[{"href":"https:\/\/www.fishy.nu\/no\/wp-json\/wp\/v2\/types\/page"}],"author":[{"embeddable":true,"href":"https:\/\/www.fishy.nu\/no\/wp-json\/wp\/v2\/users\/2"}],"replies":[{"embeddable":true,"href":"https:\/\/www.fishy.nu\/no\/wp-json\/wp\/v2\/comments?post=1021"}],"version-history":[{"count":11,"href":"https:\/\/www.fishy.nu\/no\/wp-json\/wp\/v2\/pages\/1021\/revisions"}],"predecessor-version":[{"id":4056,"href":"https:\/\/www.fishy.nu\/no\/wp-json\/wp\/v2\/pages\/1021\/revisions\/4056"}],"wp:attachment":[{"href":"https:\/\/www.fishy.nu\/no\/wp-json\/wp\/v2\/media?parent=1021"}],"curies":[{"name":"wp","href":"https:\/\/api.w.org\/{rel}","templated":true}]}}