

{"id":1040,"date":"2022-12-09T16:24:47","date_gmt":"2022-12-09T15:24:47","guid":{"rendered":"https:\/\/www2.fishy.nu\/?page_id=1040"},"modified":"2025-12-07T23:12:20","modified_gmt":"2025-12-07T22:12:20","slug":"pressmaterial","status":"publish","type":"page","link":"https:\/\/www.fishy.nu\/no\/pressmaterial\/","title":{"rendered":"Pressmateriale"},"content":{"rendered":"<p>Her finner du Fishy Lives pressemateriell \u2013 logoer, farger og grafiske ressurser for profesjonell bruk. Last ned filer i h\u00f8y oppl\u00f8sning og f\u00f8lg v\u00e5re fargespesifikasjoner for en konsistent og tydelig merkevarebygging. Perfekt for arrang\u00f8rer, partnere og media som \u00f8nsker \u00e5 bruke merkevaren v\u00e5r p\u00e5 riktig m\u00e5te.<\/p>\n\n\n\n<p>Her finner du blant annet v\u00e5re logoer og offisielle farger.<\/p>\n\n\n\n<h2 class=\"wp-block-heading\">TRYKK \/ LOGOTYPE<\/h2>\n\n\n\n<p>Last ned logoer og grafisk materiale for Fishy Tech Sweden.<\/p>\n\n\n\n<p class=\"has-ast-global-color-6-background-color has-background has-medium-font-size\"> &nbsp;<i class=\"fas fa-file-zipper\"><\/i> <strong><a href=\"https:\/\/www.fishy.nu\/no\/assets\/Fishy-logos-Bundle.zip\/\">Fishy-logos-Bundle.zip<\/a><\/strong><\/p>\n\n\n\n<h3 class=\"wp-block-heading\"><strong>Filer<\/strong><\/h3>\n\n\n\n<div class=\"wp-block-columns is-layout-flex wp-container-core-columns-is-layout-28f84493 wp-block-columns-is-layout-flex\">\n<div class=\"wp-block-column is-layout-flow wp-block-column-is-layout-flow\">\n<ul class=\"wp-block-list\">\n<li><a href=\"https:\/\/www.fishy.nu\/images\/logos\/Bitmap\/Fishy-Logo.Highrez.png\">Fishy-Logo.Highrez.png<\/a><\/li>\n\n\n\n<li><a href=\"https:\/\/www.fishy.nu\/images\/logos\/Bitmap\/Fishy.Fish.png\">Fishy.Fish.png<\/a><\/li>\n\n\n\n<li><a href=\"https:\/\/www.fishy.nu\/images\/logos\/Bitmap\/Logo.Yellow.png\">Logo.Yellow.png<\/a><\/li>\n\n\n\n<li><a href=\"https:\/\/www.fishy.nu\/images\/logos\/Bitmap\/Logo.White.png\">Logo.White.png<\/a><\/li>\n\n\n\n<li><a href=\"https:\/\/www.fishy.nu\/images\/logos\/Bitmap\/fishy-nu-mini-logo.png\">fishy-nu-mini-logo.png<\/a><\/li>\n\n\n\n<li><a href=\"https:\/\/www.fishy.nu\/images\/logos\/Bitmap\/Fishy.Fish.Yellow.png\">Fishy.Fish.Yellow.png<\/a><\/li>\n\n\n\n<li><a href=\"https:\/\/www.fishy.nu\/images\/logos\/Bitmap\/Logo.Black.jpg\">Logo.Black.jpg<\/a><\/li>\n\n\n\n<li><a href=\"https:\/\/www.fishy.nu\/images\/logos\/Bitmap\/Fishy.Fish.White.png\">Fishy.Fish.White.png<\/a><\/li>\n\n\n\n<li><a href=\"https:\/\/www.fishy.nu\/no\/images\/logos\/Bitmap\/Fishy-Logo.Highrez%20Alt.%20No%20bait).png\/\">Fishy-Logo.Highrez Alt. Ingen agn).png<\/a><\/li>\n\n\n\n<li><a href=\"https:\/\/www.fishy.nu\/no\/images\/logos\/Vector\/Fishy%20Fishy%20Only.pdf\/\">Fishy Fishy Only.pdf<\/a><\/li>\n\n\n\n<li><a href=\"https:\/\/www.fishy.nu\/no\/images\/logos\/Vector\/Fishy-Logo%20Standard.eps\/\">Fishy-Logo Standard.eps<\/a><\/li>\n<\/ul>\n<\/div>\n\n\n\n<div class=\"wp-block-column is-layout-flow wp-block-column-is-layout-flow\">\n<ul class=\"wp-block-list\">\n<li><a href=\"https:\/\/www.fishy.nu\/images\/logos\/Bitmap\/Logo.Black.png\">Logo.Black.png<\/a><\/li>\n\n\n\n<li><a href=\"https:\/\/www.fishy.nu\/images\/logos\/Bitmap\/Logo.White.jpg\">Logo.White.jpg<\/a><\/li>\n\n\n\n<li><a href=\"https:\/\/www.fishy.nu\/no\/images\/logos\/Vector\/Fishy-Logo%20Standard.pdf\/\">Fishy-Logo Standard.pdf<\/a><\/li>\n\n\n\n<li><a href=\"https:\/\/www.fishy.nu\/no\/images\/logos\/Vector\/Fishy-Logo%20Standard.svg\/\">Fishy-Logo Standard.svg<\/a><\/li>\n\n\n\n<li><a href=\"https:\/\/www.fishy.nu\/no\/images\/logos\/Vector\/Fishy-Logo%20Alt%20(No%20bait).eps\/\">Fishy-Logo Alt (Ingen agn).eps<\/a><\/li>\n\n\n\n<li><a href=\"https:\/\/www.fishy.nu\/no\/images\/logos\/Vector\/Fishy%20Fishy%20Only.ai\/\">Fishy Fishy Only.ai<\/a><\/li>\n\n\n\n<li><a href=\"https:\/\/www.fishy.nu\/no\/images\/logos\/Vector\/Fishy-Logo%20Standard.ai\/\">Fishy-Logo Standard.ai<\/a><\/li>\n\n\n\n<li><a href=\"https:\/\/www.fishy.nu\/no\/images\/logos\/Vector\/Fishy-Logo%20Alt%20No%20bait).pdf\/\">Fishy-Logo Alt Ingen agn).pdf<\/a><\/li>\n\n\n\n<li><a href=\"https:\/\/www.fishy.nu\/no\/images\/logos\/Vector\/Fishy-Logo%20Alt%20(No%20bait).ai\/\">Fishy-Logo Alt (Ingen agn).ai<\/a><\/li>\n\n\n\n<li><a href=\"https:\/\/www.fishy.nu\/no\/images\/logos\/Vector\/Fishy%20Fishy%20Only.eps\/\">Fishy Fishy Only.eps<\/a><\/li>\n<\/ul>\n<\/div>\n<\/div>\n\n\n\n<div style=\"height:49px\" aria-hidden=\"true\" class=\"wp-block-spacer\"><\/div>\n\n\n\n<h2 class=\"wp-block-heading\"><strong>Farger<\/strong>&nbsp;<\/h2>\n\n\n\n<figure class=\"wp-block-table\"><table><tbody><tr><td><strong>&nbsp;Farge<\/strong><\/td><td><strong>RGB<\/strong><\/td><td><strong>Pantone<\/strong><\/td><td><strong>Kommentar<\/strong><\/td><\/tr><tr><td>GLASENDE<br>GUL<\/td><td>#FEE715<\/td><td>PANTONE 12-0643 TCX Blazing Yellow<\/td><td>Prim\u00e6rfarge<\/td><\/tr><tr><td>2b313d<\/td><td>#283C75<\/td><td>PANTONE 3597 CP<\/td><td>Komplement<\/td><\/tr><tr><td>M\u00d8RKEGR\u00c5<\/td><td>#2B303D<\/td><td>&nbsp;<\/td><td>Prim\u00e6rfarge<\/td><\/tr><tr><td>MIDDELGR\u00c5<\/td><td>#4B4B50<\/td><td>&nbsp;<\/td><td>Sekund\u00e6r<\/td><\/tr><tr><td>LYSEGR\u00c5<\/td><td>#ACADAF<\/td><td>&nbsp;<\/td><td>Sekund\u00e6r<\/td><\/tr><tr><td>HVIT<\/td><td>#FFFFF<\/td><td>&nbsp;<\/td><td>Prim\u00e6rfarge<\/td><\/tr><tr><td>SVART<\/td><td>#000000<\/td><td>&nbsp;<\/td><td>Prim\u00e6rfarge<\/td><\/tr><tr><td>M\u00d8RKESTE GR\u00c5<\/td><td>#222222<\/td><td>&nbsp;<\/td><td>Bakgrunnsfarge nettside etc<\/td><\/tr><\/tbody><\/table><\/figure>\n\n\n\n<h2 class=\"wp-block-heading\">Eksempel Logo<\/h2>\n\n\n\n<figure class=\"wp-block-image\"><img data-recalc-dims=\"1\" decoding=\"async\" src=\"https:\/\/i0.wp.com\/www.fishy.nu\/images\/logos\/Bitmap\/Logo.Yellow.png?ssl=1\" alt=\"\"\/><\/figure>\n\n\n\n<figure class=\"wp-block-image\"><img data-recalc-dims=\"1\" decoding=\"async\" src=\"https:\/\/i0.wp.com\/www.fishy.nu\/images\/logos\/Bitmap\/Logo.White.png?ssl=1\" alt=\"\"\/><\/figure>\n\n\n\n<figure class=\"wp-block-image\"><img data-recalc-dims=\"1\" decoding=\"async\" src=\"https:\/\/i0.wp.com\/www.fishy.nu\/images\/logos\/Bitmap\/Logo.Black.jpg?ssl=1\" alt=\"\"\/><\/figure>","protected":false},"excerpt":{"rendered":"<p>Her finner du Fishy Lives pressemateriell \u2013 logoer, farger og grafiske ressurser for profesjonell bruk. Last ned filer i h\u00f8y oppl\u00f8sning og f\u00f8lg v\u00e5re fargespesifikasjoner for en ensartet og tydelig profilering. Perfekt for arrang\u00f8rer, partnere og media som \u00f8nsker \u00e5 bruke merkevaren v\u00e5r p\u00e5 riktig m\u00e5te. Her finner du blant annet v\u00e5re logoer og offisielle farger. PRESSE \/ \u2026<\/p>\n<p class=\"read-more\"> <a class=\"\" href=\"https:\/\/www.fishy.nu\/no\/pressmaterial\/\"> <span class=\"screen-reader-text\">Pressmateriale<\/span> Les mer &quot;<\/a><\/p>","protected":false},"author":2,"featured_media":2468,"parent":0,"menu_order":0,"comment_status":"closed","ping_status":"closed","template":"","meta":{"_seopress_robots_primary_cat":"","_seopress_titles_title":"Fishy Pressmaterial \u2013 Logotyper och f\u00e4rger | www.fishy.nu","_seopress_titles_desc":"Ladda ner Fishys logotyper, h\u00f6guppl\u00f6sta filer och f\u00e4rgspecifikationer f\u00f6r professionell anv\u00e4ndning. Perfekt f\u00f6r arrang\u00f6rer, partners och media.","_seopress_robots_index":"","site-sidebar-layout":"default","site-content-layout":"default","ast-global-header-display":"","ast-banner-title-visibility":"","ast-main-header-display":"","ast-hfb-above-header-display":"","ast-hfb-below-header-display":"","ast-hfb-mobile-header-display":"","site-post-title":"","ast-breadcrumbs-content":"","ast-featured-img":"","footer-sml-layout":"","theme-transparent-header-meta":"","adv-header-id-meta":"","stick-header-meta":"","header-above-stick-meta":"","header-main-stick-meta":"","header-below-stick-meta":"","footnotes":""},"class_list":["post-1040","page","type-page","status-publish","has-post-thumbnail","hentry"],"jetpack_sharing_enabled":true,"_links":{"self":[{"href":"https:\/\/www.fishy.nu\/no\/wp-json\/wp\/v2\/pages\/1040","targetHints":{"allow":["GET"]}}],"collection":[{"href":"https:\/\/www.fishy.nu\/no\/wp-json\/wp\/v2\/pages"}],"about":[{"href":"https:\/\/www.fishy.nu\/no\/wp-json\/wp\/v2\/types\/page"}],"author":[{"embeddable":true,"href":"https:\/\/www.fishy.nu\/no\/wp-json\/wp\/v2\/users\/2"}],"replies":[{"embeddable":true,"href":"https:\/\/www.fishy.nu\/no\/wp-json\/wp\/v2\/comments?post=1040"}],"version-history":[{"count":9,"href":"https:\/\/www.fishy.nu\/no\/wp-json\/wp\/v2\/pages\/1040\/revisions"}],"predecessor-version":[{"id":3877,"href":"https:\/\/www.fishy.nu\/no\/wp-json\/wp\/v2\/pages\/1040\/revisions\/3877"}],"wp:featuredmedia":[{"embeddable":true,"href":"https:\/\/www.fishy.nu\/no\/wp-json\/wp\/v2\/media\/2468"}],"wp:attachment":[{"href":"https:\/\/www.fishy.nu\/no\/wp-json\/wp\/v2\/media?parent=1040"}],"curies":[{"name":"wp","href":"https:\/\/api.w.org\/{rel}","templated":true}]}}