

{"id":2498,"date":"2023-04-24T14:11:58","date_gmt":"2023-04-24T13:11:58","guid":{"rendered":"https:\/\/www.fishy.nu\/?page_id=2498"},"modified":"2025-12-07T23:15:28","modified_gmt":"2025-12-07T22:15:28","slug":"tavlingskalender","status":"publish","type":"page","link":"https:\/\/www.fishy.nu\/no\/tavlingskalender\/","title":{"rendered":"Konkurransekalender"},"content":{"rendered":"<h2>2026<\/h2><br \/> <h4>januar<\/h4><li><a href='\/no\/contest\/358\/abborkongen-2026\/'> <tt>01-23<\/tt> - <p translate=\"no\" class=\"notranslate\" style='display: inline;' data-no-translation>Abborkongen 2026<\/p><img style='border:1px solid black;' width=\"14\" hspace=\"8\" src='\/images\/flags\/no.png'><\/a><\/li><br \/> <h4>mars<\/h4><li><a href='\/no\/contest\/368\/forshaga-fiskefajt-pa-sportfiskemassan-13-mars\/'> <tt>03-13<\/tt> - <p translate=\"no\" class=\"notranslate\" style='display: inline;' data-no-translation>Forshaga FiskeFajt p\u00e5 Sportfiskem\u00e4ssan 13 mars!<\/p><img style='border:1px solid black;' width=\"14\" hspace=\"8\" src='\/images\/flags\/se.png'><\/a><\/li><li><a href='\/no\/contest\/370\/forshaga-fiskefajt-pa-sportfiskemassan-14-mars\/'> <tt>03-14<\/tt> - <p translate=\"no\" class=\"notranslate\" style='display: inline;' data-no-translation>Forshaga FiskeFajt p\u00e5 Sportfiskem\u00e4ssan 14 mars!<\/p><img style='border:1px solid black;' width=\"14\" hspace=\"8\" src='\/images\/flags\/se.png'><\/a><\/li><li><a href='\/no\/contest\/369\/forshaga-fiskefajt-pa-sportfiskemassan-15-mars\/'> <tt>03-15<\/tt> - <p translate=\"no\" class=\"notranslate\" style='display: inline;' data-no-translation>Forshaga FiskeFajt p\u00e5 Sportfiskem\u00e4ssan 15 mars!<\/p><img style='border:1px solid black;' width=\"14\" hspace=\"8\" src='\/images\/flags\/se.png'><\/a><\/li><li><a href='\/no\/contest\/345\/kajartfiskejakten-2026\/'> <tt>03-15<\/tt> - <p translate=\"no\" class=\"notranslate\" style='display: inline;' data-no-translation>KajArtfiskejakten 2026<\/p><img style='border:1px solid black;' width=\"14\" hspace=\"8\" src='\/images\/flags\/se.png'><\/a><\/li><li><a href='\/no\/contest\/363\/skargardsborren-valdemarsvik-28-mars-2026\/'> <tt>03-28<\/tt> - <p translate=\"no\" class=\"notranslate\" style='display: inline;' data-no-translation>Sk\u00e4rg\u00e5rdsborren Valdemarsvik 28 mars 2026<\/p><img style='border:1px solid black;' width=\"14\" hspace=\"8\" src='\/images\/flags\/se.png'><\/a><\/li><br \/> <h4>\u25ba april<\/h4><li><a href='\/no\/contest\/364\/perchx-forleksborren\/'> <tt>04-01<\/tt> - <p translate=\"no\" class=\"notranslate\" style='display: inline;' data-no-translation>PerchX - F\u00f6rleksborren<\/p><img style='border:1px solid black;' width=\"14\" hspace=\"8\" src='\/images\/flags\/se.png'><\/a><\/li><li><a href='\/no\/contest\/349\/kajakfiskeligan-tjorn-2026\/'> <tt>04-03<\/tt> - <p translate=\"no\" class=\"notranslate\" style='display: inline;' data-no-translation>Kajakfiskeligan - Tj\u00f6rn 2026<\/p><img style='border:1px solid black;' width=\"14\" hspace=\"8\" src='\/images\/flags\/se.png'><\/a><\/li><br \/> <h4>Kan<\/h4><hr style='color:yellow; margin-top:10px;' noshade \/><li><a href='\/no\/contest\/270\/amal-trophy-12-timmars-kampen-utgangshamn-sunnana\/'> <tt>05-02<\/tt> - <p translate=\"no\" class=\"notranslate\" style='display: inline;' data-no-translation>\u00c5m\u00e5l Trophy - 12-timmars kampen (Utg\u00e5ngshamn Sunnan\u00e5)<\/p><img style='border:1px solid black;' width=\"14\" hspace=\"8\" src='\/images\/flags\/se.png'><\/a><\/li><li><a href='\/no\/contest\/350\/kajakfiskeligan-jallunden-2026\/'> <tt>05-02<\/tt> - <p translate=\"no\" class=\"notranslate\" style='display: inline;' data-no-translation>Kajakfiskeligan - J\u00e4llunden 2026<\/p><img style='border:1px solid black;' width=\"14\" hspace=\"8\" src='\/images\/flags\/se.png'><\/a><\/li><li><a href='\/no\/contest\/373\/dm-i-trolling-roxen-2026\/'> <tt>05-03<\/tt> - <p translate=\"no\" class=\"notranslate\" style='display: inline;' data-no-translation>DM i trolling Roxen 2026<\/p><img style='border:1px solid black;' width=\"14\" hspace=\"8\" src='\/images\/flags\/se.png'><\/a><\/li><li><a href='\/no\/contest\/362\/perch-masters\/'> <tt>05-09<\/tt> - <p translate=\"no\" class=\"notranslate\" style='display: inline;' data-no-translation>Perch Masters<\/p><img style='border:1px solid black;' width=\"14\" hspace=\"8\" src='\/images\/flags\/no.png'><\/a><\/li><li><a href='\/no\/contest\/365\/pike-masters\/'> <tt>05-10<\/tt> - <p translate=\"no\" class=\"notranslate\" style='display: inline;' data-no-translation>Pike Masters<\/p><img style='border:1px solid black;' width=\"14\" hspace=\"8\" src='\/images\/flags\/no.png'><\/a><\/li><li><a href='\/no\/contest\/398\/dm-abborre-jonkopings-lan\/'> <tt>05-16<\/tt> - <p translate=\"no\" class=\"notranslate\" style='display: inline;' data-no-translation>DM Abborre - J\u00f6nk\u00f6pings L\u00e4n<\/p><img style='border:1px solid black;' width=\"14\" hspace=\"8\" src='\/images\/flags\/se.png'><\/a><\/li><li><a href='\/no\/contest\/382\/gaddan-i-norr-varen-2026\/'> <tt>05-23<\/tt> - <p translate=\"no\" class=\"notranslate\" style='display: inline;' data-no-translation>G\u00e4ddan i Norr v\u00e5ren 2026<\/p><img style='border:1px solid black;' width=\"14\" hspace=\"8\" src='\/images\/flags\/se.png'><\/a><\/li><li><a href='\/no\/contest\/346\/pike-open-x-2026\/'> <tt>05-23<\/tt> - <p translate=\"no\" class=\"notranslate\" style='display: inline;' data-no-translation>Pike Open X 2026<\/p><img style='border:1px solid black;' width=\"14\" hspace=\"8\" src='\/images\/flags\/se.png'><\/a><\/li><li><a href='\/no\/contest\/348\/sverigegaddan-2026-var\/'> <tt>05-23<\/tt> - <p translate=\"no\" class=\"notranslate\" style='display: inline;' data-no-translation>SverigeG\u00e4ddan 2026 V\u00e5r<\/p><img style='border:1px solid black;' width=\"14\" hspace=\"8\" src='\/images\/flags\/se.png'><\/a><\/li><li><a href='\/no\/contest\/399\/dm-gadda-jonkoping-2026\/'> <tt>05-23<\/tt> - <p translate=\"no\" class=\"notranslate\" style='display: inline;' data-no-translation>DM G\u00e4dda - J\u00f6nk\u00f6ping 2026<\/p><img style='border:1px solid black;' width=\"14\" hspace=\"8\" src='\/images\/flags\/se.png'><\/a><\/li><li><a href='\/no\/contest\/410\/svivlo-reel-masters-2026\/'> <tt>05-23<\/tt> - <p translate=\"no\" class=\"notranslate\" style='display: inline;' data-no-translation>SVIVLO REEL MASTERS 2026<\/p><img style='border:1px solid black;' width=\"14\" hspace=\"8\" src='\/images\/flags\/se.png'><\/a><\/li><li><a href='\/no\/contest\/351\/kajakfiskeligan-laxa-2026\/'> <tt>05-30<\/tt> - <p translate=\"no\" class=\"notranslate\" style='display: inline;' data-no-translation>Kajakfiskeligan - Lax\u00e5 2026<\/p><img style='border:1px solid black;' width=\"14\" hspace=\"8\" src='\/images\/flags\/se.png'><\/a><\/li><li><a href='\/no\/contest\/378\/spring-pike-challenge-2026\/'> <tt>05-30<\/tt> - <p translate=\"no\" class=\"notranslate\" style='display: inline;' data-no-translation>Spring Pike Challenge 2026<\/p><img style='border:1px solid black;' width=\"14\" hspace=\"8\" src='\/images\/flags\/se.png'><\/a><\/li><li><a href='\/no\/contest\/414\/sommargaddan-2026\/'> <tt>05-30<\/tt> - <p translate=\"no\" class=\"notranslate\" style='display: inline;' data-no-translation>Sommarg\u00e4ddan 2026<\/p><img style='border:1px solid black;' width=\"14\" hspace=\"8\" src='\/images\/flags\/se.png'><\/a><\/li><br \/> <h4>juni<\/h4><li><a href='\/no\/contest\/359\/trollingtraff-aland-2026\/'> <tt>06-03<\/tt> - <p translate=\"no\" class=\"notranslate\" style='display: inline;' data-no-translation>Trollingtr\u00e4ff \u00c5land 2026<\/p><img style='border:1px solid black;' width=\"14\" hspace=\"8\" src='\/images\/flags\/ax.png'><\/a><\/li><li><a href='\/no\/contest\/341\/enskar-salmon-masters-2026\/'> <tt>06-04<\/tt> - <p translate=\"no\" class=\"notranslate\" style='display: inline;' data-no-translation>Ensk\u00e4r Salmon Masters 2026<\/p><img style='border:1px solid black;' width=\"14\" hspace=\"8\" src='\/images\/flags\/ax.png'><\/a><\/li><li><a href='\/no\/contest\/383\/pike-perch-2-2-challenge-spring-2026\/'> <tt>06-12<\/tt> - <p translate=\"no\" class=\"notranslate\" style='display: inline;' data-no-translation>Pike & Perch 2.2 Challenge Spring 2026<\/p><img style='border:1px solid black;' width=\"14\" hspace=\"8\" src='\/images\/flags\/se.png'><\/a><\/li><li><a href='\/no\/contest\/367\/eagle-fishing-24h-pike-perch-2026\/'> <tt>06-13<\/tt> - <p translate=\"no\" class=\"notranslate\" style='display: inline;' data-no-translation>EAGLE FISHING 24H PIKE & PERCH 2026<\/p><img style='border:1px solid black;' width=\"14\" hspace=\"8\" src='\/images\/flags\/se.png'><\/a><\/li><li><a href='\/no\/contest\/374\/dm-i-trolling-asunden-2026\/'> <tt>06-14<\/tt> - <p translate=\"no\" class=\"notranslate\" style='display: inline;' data-no-translation>DM i trolling \u00c5sunden 2026<\/p><img style='border:1px solid black;' width=\"14\" hspace=\"8\" src='\/images\/flags\/se.png'><\/a><\/li><li><a href='\/no\/contest\/339\/vildmarken-saffle-trophy\/'> <tt>06-26<\/tt> - <p translate=\"no\" class=\"notranslate\" style='display: inline;' data-no-translation>Vildmarken S\u00e4ffle Trophy!<\/p><img style='border:1px solid black;' width=\"14\" hspace=\"8\" src='\/images\/flags\/se.png'><\/a><\/li><li><a href='\/no\/contest\/403\/abborren-i-norr-2026\/'> <tt>06-26<\/tt> - <p translate=\"no\" class=\"notranslate\" style='display: inline;' data-no-translation>Abborren I Norr 2026<\/p><img style='border:1px solid black;' width=\"14\" hspace=\"8\" src='\/images\/flags\/se.png'><\/a><\/li><li><a href='\/no\/contest\/366\/kajakfiskeligan-mountain-madness-sarna\/'> <tt>06-29<\/tt> - <p translate=\"no\" class=\"notranslate\" style='display: inline;' data-no-translation>Kajakfiskeligan - Mountain Madness - S\u00e4rna<\/p><img style='border:1px solid black;' width=\"14\" hspace=\"8\" src='\/images\/flags\/se.png'><\/a><\/li><br \/> <h4>juli<\/h4><li><a href='\/no\/contest\/384\/ramsjo-predator-fight-2026\/'> <tt>07-11<\/tt> - <p translate=\"no\" class=\"notranslate\" style='display: inline;' data-no-translation>Ramsj\u00f6 Predator Fight 2026<\/p><img style='border:1px solid black;' width=\"14\" hspace=\"8\" src='\/images\/flags\/se.png'><\/a><\/li><li><a href='\/no\/contest\/352\/kajakfiskeligan-hedesunda-2026\/'> <tt>07-25<\/tt> - <p translate=\"no\" class=\"notranslate\" style='display: inline;' data-no-translation>Kajakfiskeligan - Hedesunda 2026<\/p><img style='border:1px solid black;' width=\"14\" hspace=\"8\" src='\/images\/flags\/se.png'><\/a><\/li><br \/> <h4>august<\/h4><li><a href='\/no\/contest\/353\/kajakfiskeligan-gravarvagen-2026\/'> <tt>08-07<\/tt> - <p translate=\"no\" class=\"notranslate\" style='display: inline;' data-no-translation>Kajakfiskeligan - Gravarv\u00e5gen 2026<\/p><img style='border:1px solid black;' width=\"14\" hspace=\"8\" src='\/images\/flags\/se.png'><\/a><\/li><li><a href='\/no\/contest\/354\/kajakfiskeligan-08abborren-2026\/'> <tt>08-22<\/tt> - <p translate=\"no\" class=\"notranslate\" style='display: inline;' data-no-translation>Kajakfiskeligan - 08ABBORREN 2026<\/p><img style='border:1px solid black;' width=\"14\" hspace=\"8\" src='\/images\/flags\/se.png'><\/a><\/li><li><a href='\/no\/contest\/412\/pike-perch-2-2-challenge-autumn-2026\/'> <tt>08-28<\/tt> - <p translate=\"no\" class=\"notranslate\" style='display: inline;' data-no-translation>Pike & Perch 2.2 Challenge Autumn 2026<\/p><img style='border:1px solid black;' width=\"14\" hspace=\"8\" src='\/images\/flags\/se.png'><\/a><\/li><br \/> <h4>september<\/h4><li><a href='\/no\/contest\/355\/kajakfiskeligan-sista-chansen-dala-floda\/'> <tt>09-05<\/tt> - <p translate=\"no\" class=\"notranslate\" style='display: inline;' data-no-translation>Kajakfiskeligan - Sista chansen Dala Floda<\/p><img style='border:1px solid black;' width=\"14\" hspace=\"8\" src='\/images\/flags\/se.png'><\/a><\/li><li><a href='\/no\/contest\/406\/brando-fisketavling-2026\/'> <tt>09-05<\/tt> - <p translate=\"no\" class=\"notranslate\" style='display: inline;' data-no-translation>Br\u00e4nd\u00f6 Fisket\u00e4vling 2026<\/p><img style='border:1px solid black;' width=\"14\" hspace=\"8\" src='\/images\/flags\/ax.png'><\/a><\/li><li><a href='\/no\/contest\/397\/dm-gadda-varmland-dalsland-2026-vanern\/'> <tt>09-12<\/tt> - <p translate=\"no\" class=\"notranslate\" style='display: inline;' data-no-translation>DM G\u00e4dda V\u00e4rmland\/Dalsland 2026 - V\u00e4nern<\/p><img style='border:1px solid black;' width=\"14\" hspace=\"8\" src='\/images\/flags\/se.png'><\/a><\/li><li><a href='\/no\/contest\/375\/dm-i-trolling-yxningen-2026\/'> <tt>09-20<\/tt> - <p translate=\"no\" class=\"notranslate\" style='display: inline;' data-no-translation>DM i trolling Yxningen 2026<\/p><img style='border:1px solid black;' width=\"14\" hspace=\"8\" src='\/images\/flags\/se.png'><\/a><\/li><li><a href='\/no\/contest\/411\/gaddan-i-norr-host-2026\/'> <tt>09-26<\/tt> - <p translate=\"no\" class=\"notranslate\" style='display: inline;' data-no-translation>G\u00e4ddan i Norr H\u00f6st 2026<\/p><img style='border:1px solid black;' width=\"14\" hspace=\"8\" src='\/images\/flags\/se.png'><\/a><\/li><li><a href='\/no\/contest\/356\/sm-i-kajakfiske-2026\/'> <tt>09-26<\/tt> - <p translate=\"no\" class=\"notranslate\" style='display: inline;' data-no-translation>SM i Kajakfiske 2026<\/p><img style='border:1px solid black;' width=\"14\" hspace=\"8\" src='\/images\/flags\/se.png'><\/a><\/li><br \/> <h4>oktober<\/h4><li><a href='\/no\/contest\/400\/sm-i-gadda-2026-lelang\/'> <tt>10-03<\/tt> - <p translate=\"no\" class=\"notranslate\" style='display: inline;' data-no-translation>SM i G\u00e4dda 2026 - Lel\u00e5ng<\/p><img style='border:1px solid black;' width=\"14\" hspace=\"8\" src='\/images\/flags\/se.png'><\/a><\/li><li><a href='\/no\/contest\/376\/dm-i-trolling-sommen-2026\/'> <tt>10-10<\/tt> - <p translate=\"no\" class=\"notranslate\" style='display: inline;' data-no-translation>DM i trolling Sommen 2026<\/p><img style='border:1px solid black;' width=\"14\" hspace=\"8\" src='\/images\/flags\/se.png'><\/a><\/li><li><a href='\/no\/contest\/340\/oresund-open-2026\/'> <tt>10-17<\/tt> - <p translate=\"no\" class=\"notranslate\" style='display: inline;' data-no-translation>\u00d6resund Open 2026<\/p><img style='border:1px solid black;' width=\"14\" hspace=\"8\" src='\/images\/flags\/se.png'><\/a><\/li>","protected":false},"excerpt":{"rendered":"","protected":false},"author":1,"featured_media":0,"parent":0,"menu_order":0,"comment_status":"closed","ping_status":"closed","template":"","meta":{"_seopress_robots_primary_cat":"","_seopress_titles_title":"Fisket\u00e4vlingar 2025 \u2013 Full kalender | www.fishy.nu","_seopress_titles_desc":"Se hela kalendern f\u00f6r fisket\u00e4vlingar 2025 p\u00e5 Fishy.nu \u2013 planera ditt n\u00e4sta event och missa ingen t\u00e4vling.","_seopress_robots_index":"","site-sidebar-layout":"default","site-content-layout":"default","ast-global-header-display":"","ast-banner-title-visibility":"","ast-main-header-display":"","ast-hfb-above-header-display":"","ast-hfb-below-header-display":"","ast-hfb-mobile-header-display":"","site-post-title":"","ast-breadcrumbs-content":"","ast-featured-img":"","footer-sml-layout":"","theme-transparent-header-meta":"","adv-header-id-meta":"","stick-header-meta":"","header-above-stick-meta":"","header-main-stick-meta":"","header-below-stick-meta":"","footnotes":""},"class_list":["post-2498","page","type-page","status-publish","hentry"],"jetpack_sharing_enabled":true,"_links":{"self":[{"href":"https:\/\/www.fishy.nu\/no\/wp-json\/wp\/v2\/pages\/2498","targetHints":{"allow":["GET"]}}],"collection":[{"href":"https:\/\/www.fishy.nu\/no\/wp-json\/wp\/v2\/pages"}],"about":[{"href":"https:\/\/www.fishy.nu\/no\/wp-json\/wp\/v2\/types\/page"}],"author":[{"embeddable":true,"href":"https:\/\/www.fishy.nu\/no\/wp-json\/wp\/v2\/users\/1"}],"replies":[{"embeddable":true,"href":"https:\/\/www.fishy.nu\/no\/wp-json\/wp\/v2\/comments?post=2498"}],"version-history":[{"count":2,"href":"https:\/\/www.fishy.nu\/no\/wp-json\/wp\/v2\/pages\/2498\/revisions"}],"predecessor-version":[{"id":2505,"href":"https:\/\/www.fishy.nu\/no\/wp-json\/wp\/v2\/pages\/2498\/revisions\/2505"}],"wp:attachment":[{"href":"https:\/\/www.fishy.nu\/no\/wp-json\/wp\/v2\/media?parent=2498"}],"curies":[{"name":"wp","href":"https:\/\/api.w.org\/{rel}","templated":true}]}}