

{"id":2623,"date":"2023-06-01T12:17:35","date_gmt":"2023-06-01T11:17:35","guid":{"rendered":"https:\/\/www.fishy.nu\/?page_id=2623"},"modified":"2025-12-07T23:15:09","modified_gmt":"2025-12-07T22:15:09","slug":"swedish-pike-league-spl","status":"publish","type":"page","link":"https:\/\/www.fishy.nu\/no\/swedish-pike-league-spl\/","title":{"rendered":"Swedish Pike League (SPL)"},"content":{"rendered":"<figure class=\"wp-block-image size-full is-resized\"><img data-recalc-dims=\"1\" loading=\"lazy\" decoding=\"async\" src=\"https:\/\/i0.wp.com\/www.fishy.nu\/wp-content\/uploads\/2023\/06\/toplogo-1.png?resize=1199%2C209&#038;ssl=1\" alt=\"\" class=\"wp-image-2644\" width=\"1199\" height=\"209\" srcset=\"https:\/\/i0.wp.com\/www.fishy.nu\/wp-content\/uploads\/2023\/06\/toplogo-1.png?w=867&amp;ssl=1 867w, https:\/\/i0.wp.com\/www.fishy.nu\/wp-content\/uploads\/2023\/06\/toplogo-1.png?resize=300%2C52&amp;ssl=1 300w, https:\/\/i0.wp.com\/www.fishy.nu\/wp-content\/uploads\/2023\/06\/toplogo-1.png?resize=768%2C134&amp;ssl=1 768w, https:\/\/i0.wp.com\/www.fishy.nu\/wp-content\/uploads\/2023\/06\/toplogo-1.png?resize=18%2C3&amp;ssl=1 18w\" sizes=\"auto, (max-width: 1000px) 100vw, 1000px\" \/><\/figure>\n\n\n\n<p><strong><a href=\"https:\/\/www.pikeleague.se\/\">Swedish Pike League<\/a><\/strong>, SPL, ble etablert i 2017 og er et nasjonalt rangeringssystem for lag som konkurrerer i gjeddefiskekonkurranser. SPL ble grunnlagt av <a href=\"https:\/\/www.fisheco.se\/\">+FishEco<\/a> I samarbeid med <a href=\"https:\/\/www.sportfiskarna.se\/\">Fiskerne <\/a>og har som m\u00e5l \u00e5 fremme og heve statusen til konkurrerende gjeddefiske i Sverige ved \u00e5 rangere deltakende lag basert p\u00e5 deres prestasjoner og poeng opptjent i svenske fiskekonkurranser. I tillegg fungerer SPL som et kvalifiseringssystem for SM, organisert av Sportfiskarna.<\/p>\n\n\n\n<p>For mer informasjon, se <strong><a href=\"http:\/\/www.pikeleague.se\">www.pikeleague.se<\/a><\/strong><\/p>\n\n\n\n<p><\/p>\n\n\n\n<h2 class=\"wp-block-heading\">Gjeldende tabell<\/h2>\n\n\n\n<table class='wp-table'><thead><tr bgcolor=\"black\"><th>Posisjon 2026<\/th><th>Team<\/th><th>Score<\/th><\/tr><\/thead><tbody><\/tbody><\/table>","protected":false},"excerpt":{"rendered":"<p>Swedish Pike League, SPL, ble etablert i 2017 og er et nasjonalt rangeringssystem for lag som konkurrerer i gjeddefiskekonkurranser. SPL ble grunnlagt av +FishEco i samarbeid med Sportfiskarna og har som m\u00e5l \u00e5 fremme og heve statusen til konkurrerende gjeddefiske i Sverige ved \u00e5 rangere deltakende lag basert p\u00e5 deres prestasjoner og poeng opptjent i svenske fiskekonkurranser. \u2026<\/p>\n<p class=\"read-more\"> <a class=\"\" href=\"https:\/\/www.fishy.nu\/no\/swedish-pike-league-spl\/\"> <span class=\"screen-reader-text\">Swedish Pike League (SPL)<\/span> Les mer &quot;<\/a><\/p>","protected":false},"author":1,"featured_media":0,"parent":0,"menu_order":0,"comment_status":"closed","ping_status":"closed","template":"","meta":{"_seopress_robots_primary_cat":"","_seopress_titles_title":"Swedish Pike League \u2013 Rank Your Team in 2025 | www.fishy.nu","_seopress_titles_desc":"Explore the Swedish Pike League, Sweden\u2019s top pike fishing ranking system for teams. Check 2025 standings and qualify for SM tournaments.","_seopress_robots_index":"","site-sidebar-layout":"default","site-content-layout":"default","ast-global-header-display":"","ast-banner-title-visibility":"","ast-main-header-display":"","ast-hfb-above-header-display":"","ast-hfb-below-header-display":"","ast-hfb-mobile-header-display":"","site-post-title":"","ast-breadcrumbs-content":"","ast-featured-img":"","footer-sml-layout":"","theme-transparent-header-meta":"","adv-header-id-meta":"","stick-header-meta":"","header-above-stick-meta":"","header-main-stick-meta":"","header-below-stick-meta":"","footnotes":""},"class_list":["post-2623","page","type-page","status-publish","hentry"],"jetpack_sharing_enabled":true,"_links":{"self":[{"href":"https:\/\/www.fishy.nu\/no\/wp-json\/wp\/v2\/pages\/2623","targetHints":{"allow":["GET"]}}],"collection":[{"href":"https:\/\/www.fishy.nu\/no\/wp-json\/wp\/v2\/pages"}],"about":[{"href":"https:\/\/www.fishy.nu\/no\/wp-json\/wp\/v2\/types\/page"}],"author":[{"embeddable":true,"href":"https:\/\/www.fishy.nu\/no\/wp-json\/wp\/v2\/users\/1"}],"replies":[{"embeddable":true,"href":"https:\/\/www.fishy.nu\/no\/wp-json\/wp\/v2\/comments?post=2623"}],"version-history":[{"count":11,"href":"https:\/\/www.fishy.nu\/no\/wp-json\/wp\/v2\/pages\/2623\/revisions"}],"predecessor-version":[{"id":2646,"href":"https:\/\/www.fishy.nu\/no\/wp-json\/wp\/v2\/pages\/2623\/revisions\/2646"}],"wp:attachment":[{"href":"https:\/\/www.fishy.nu\/no\/wp-json\/wp\/v2\/media?parent=2623"}],"curies":[{"name":"wp","href":"https:\/\/api.w.org\/{rel}","templated":true}]}}