

{"id":4068,"date":"2026-03-12T13:30:15","date_gmt":"2026-03-12T12:30:15","guid":{"rendered":"https:\/\/www.fishy.nu\/?page_id=4068"},"modified":"2026-03-12T13:31:56","modified_gmt":"2026-03-12T12:31:56","slug":"sportfiskarna","status":"publish","type":"page","link":"https:\/\/www.fishy.nu\/no\/sportfiskarna\/","title":{"rendered":"Appen for sportsfiskernes konkurranser"},"content":{"rendered":"<p>Fishy Tech har f\u00e5tt i oppdrag av Sportfiskarna \u00e5 utvikle deres nye offisielle konkurranseapp. L\u00f8sningen vil bli brukt p\u00e5 kommende <strong>DM- og SM-konkurranser<\/strong> i blant annet <strong>gjedde<\/strong> og <strong>abbor<\/strong> \u2013 en sterk anerkjennelse av plattformen v\u00e5r og dens rolle i fremtidige sportsfiskekonkurranser.<\/p>\n\n\n\n<p><em>Mer informasjon kommer snart!!<\/em><\/p>\n\n\n\n<p><\/p>","protected":false},"excerpt":{"rendered":"<p>Fishy Tech har f\u00e5tt f\u00f6rtroendet av Sportfiskarna att utveckla deras nya officiella t\u00e4vlingsapp. L\u00f6sningen kommer att anv\u00e4ndas vid kommande DM- och SM-t\u00e4vlingar i bland annat g\u00e4dda och abborre \u2013 ett starkt erk\u00e4nnande f\u00f6r v\u00e5r plattform och dess roll i framtidens sportfisket\u00e4vlingar. Mer information kommer inom kort!!<\/p>","protected":false},"author":1,"featured_media":4071,"parent":0,"menu_order":0,"comment_status":"closed","ping_status":"closed","template":"","meta":{"_seopress_robots_primary_cat":"","_seopress_titles_title":"","_seopress_titles_desc":"","_seopress_robots_index":"","site-sidebar-layout":"default","site-content-layout":"default","ast-global-header-display":"","ast-banner-title-visibility":"","ast-main-header-display":"","ast-hfb-above-header-display":"","ast-hfb-below-header-display":"","ast-hfb-mobile-header-display":"","site-post-title":"","ast-breadcrumbs-content":"","ast-featured-img":"","footer-sml-layout":"","theme-transparent-header-meta":"","adv-header-id-meta":"","stick-header-meta":"","header-above-stick-meta":"","header-main-stick-meta":"","header-below-stick-meta":"","footnotes":""},"class_list":["post-4068","page","type-page","status-publish","has-post-thumbnail","hentry"],"jetpack_sharing_enabled":true,"_links":{"self":[{"href":"https:\/\/www.fishy.nu\/no\/wp-json\/wp\/v2\/pages\/4068","targetHints":{"allow":["GET"]}}],"collection":[{"href":"https:\/\/www.fishy.nu\/no\/wp-json\/wp\/v2\/pages"}],"about":[{"href":"https:\/\/www.fishy.nu\/no\/wp-json\/wp\/v2\/types\/page"}],"author":[{"embeddable":true,"href":"https:\/\/www.fishy.nu\/no\/wp-json\/wp\/v2\/users\/1"}],"replies":[{"embeddable":true,"href":"https:\/\/www.fishy.nu\/no\/wp-json\/wp\/v2\/comments?post=4068"}],"version-history":[{"count":1,"href":"https:\/\/www.fishy.nu\/no\/wp-json\/wp\/v2\/pages\/4068\/revisions"}],"predecessor-version":[{"id":4072,"href":"https:\/\/www.fishy.nu\/no\/wp-json\/wp\/v2\/pages\/4068\/revisions\/4072"}],"wp:featuredmedia":[{"embeddable":true,"href":"https:\/\/www.fishy.nu\/no\/wp-json\/wp\/v2\/media\/4071"}],"wp:attachment":[{"href":"https:\/\/www.fishy.nu\/no\/wp-json\/wp\/v2\/media?parent=4068"}],"curies":[{"name":"wp","href":"https:\/\/api.w.org\/{rel}","templated":true}]}}