

{"id":95,"date":"2022-08-29T13:36:16","date_gmt":"2022-08-29T12:36:16","guid":{"rendered":"https:\/\/www2.fishy.nu\/?page_id=95"},"modified":"2026-01-18T15:41:34","modified_gmt":"2026-01-18T14:41:34","slug":"villkor","status":"publish","type":"page","link":"https:\/\/www.fishy.nu\/no\/villkor\/","title":{"rendered":"Vilk\u00e5r for bruk, behandling av personopplysninger, databeskyttelse og informasjonskapsler"},"content":{"rendered":"<div class=\"fishy-terms fishy-terms-platform_tc\"><div class=\"fishy-terms-header\"><h2 class=\"fishy-terms-title\">Vilk\u00e5r og betingelser for Fishy Live-plattformen og markedsplassen<\/h2><div class=\"fishy-terms-version\">Versjon: 2026-01-01<\/div><\/div><div class=\"fishy-terms-body\"><p><strong><span>Versjon: 2026-01-01. Sist oppdatert: 2026-01-18<br \/><\/span><\/strong><strong><span>(Inkludert vilk\u00e5r og betingelser for deltakelse i konkurranseappen og rapportering)<\/span><\/strong><\/p><h2 class=\"wp-block-heading\" dir=\"ltr\"><span>1. Parter og virkeomr\u00e5de<\/span><\/h2><p dir=\"ltr\"><strong><span>Disse vilk\u00e5rene og betingelsene for plattformen og markedsplassen (\u201dvilk\u00e5r\u201d) gjelder for alle brukere av Fishy Live-plattformen, inkludert bes\u00f8kende, deltakere og arrang\u00f8rer (samlet kalt \u201dbrukere\u201d).<\/span><\/strong><\/p><p dir=\"ltr\"><strong><span>Plattformen leveres av Fishy Tech Sweden AB, organisasjonsnummer 559206-1641, Ginstv\u00e4gen 3, 197 34 Bro, Sverige (\u201dFishy Tech\u201d, \u201dvi\u201d, \u201doss\u201d).<\/span><\/strong><\/p><p dir=\"ltr\"><strong><span>Disse vilk\u00e5rene regulerer tilgang til og bruk av Fishy Live, inkludert nettsteder, mobilapplikasjoner, rapporteringsverkt\u00f8y, nettbutikker, administrative dashbord og relaterte digitale tjenester (samlet kalt \"Plattformen\").<\/span><\/strong><\/p><h2 class=\"wp-block-heading\" dir=\"ltr\"><span>2. Fishy Techs rolle (markedsinformasjon)<\/span><\/h2><p dir=\"ltr\"><strong><span>Fishy Tech driver plattformen prim\u00e6rt som en teknologileverand\u00f8r og markedsplassoperat\u00f8r.<\/span><\/strong><\/p><p dir=\"ltr\"><strong><span>Med mindre annet er uttrykkelig angitt for en spesifikk hendelse eller et spesifikt produkt, gj\u00f8r Fishy Tech f\u00f8lgende:<\/span><\/strong><\/p><div style=\"margin-left:1.5em\"><p style=\"margin:0.2em 0\">\u2022 <strong><span>Arrangerer ikke fiskekonkurranser;<\/span><\/strong><\/p><p style=\"margin:0.2em 0\">\u2022 <strong><span>Opptrer ikke som en lovlig selger av registreringsavgifter for arrangementer eller arrangementsrelaterte produkter;<\/span><\/strong><\/p><p style=\"margin:0.2em 0\">\u2022 <strong><span>Definerer ikke konkurranseregler, poenggivning, rangeringer eller premieutbetalinger;<\/span><\/strong><\/p><p style=\"margin:0.2em 0\">\u2022 <strong><span>Fungerer ikke som betalingsbehandler eller finansinstitusjon;<\/span><\/strong><\/p><p style=\"margin:0.2em 0\">\u2022 <strong><span>Tar ikke imot kundemidler for egen konto.<\/span><\/strong><\/p><\/div><p dir=\"ltr\"><strong><span>Hver fiskekonkurranse eller fiskearrangement opprettes, eies og drives vanligvis av en uavhengig konkurransearrang\u00f8r (\u201dArrang\u00f8ren\u201d), som fungerer som den juridiske selgeren og er ansvarlig for arrangementet og gjennomf\u00f8ringen av det.<\/span><\/strong><\/p><p dir=\"ltr\"><strong><span>Betalinger kan behandles av en lokal partner eller betalingsbehandler, som kan vises som selger i betalingsgrensesnittene. Fishy Tech er ikke ansvarlig for utf\u00f8relse av betalinger, oppgj\u00f8r eller refusjoner.<\/span><\/strong><\/p><p dir=\"ltr\"><span><span>Fishy Tech er ikke ansvarlig for moms eller andre indirekte skatter som kan tilskrives salg via plattformen. Slik behandling er spesifikt regulert i avsnitt B (moms).<\/span><\/span><\/p><h3 class=\"wp-block-heading\" dir=\"ltr\"><span>Viktig markedsspesifikk merknad<\/span><\/h3><p dir=\"ltr\"><strong><span>I visse markeder kan Fishy Tech Sweden AB ogs\u00e5 fungere som en lokal landsoperat\u00f8r og\/eller som turneringsarrang\u00f8r for spesifikke arrangementer.<\/span><span><br \/><\/span><span>Der Fishy Tech opptrer i en slik rolle, vil dette tydelig og eksplisitt angis p\u00e5 den relevante produktsiden, ved kassen og i gjeldende vilk\u00e5r og betingelser. I slike tilfeller vil Fishy Techs rolle og ansvar defineres av de spesifikke vilk\u00e5rene og betingelsene som presenteres for det aktuelle arrangementet eller produktet.<\/span><\/strong><\/p><h2 class=\"wp-block-heading\" dir=\"ltr\"><span>3. Forholdet mellom brukere og arrang\u00f8rer<\/span><\/h2><p dir=\"ltr\"><strong><span>N\u00e5r du kj\u00f8per en inngangsavgift (for eksempel en registreringsavgift) eller deltar p\u00e5 et arrangement:<\/span><\/strong><\/p><div style=\"margin-left:1.5em\"><p style=\"margin:0.2em 0\">\u2022 <strong><span>Brukeren inng\u00e5r en direkte juridisk bindende avtale med Arrang\u00f8ren;<\/span><\/strong><\/p><p style=\"margin:0.2em 0\">\u2022 <strong><span>Arrang\u00f8rens salgsvilk\u00e5r og arrangementsregler gjelder;<\/span><\/strong><\/p><p style=\"margin:0.2em 0\">\u2022 <strong><span>Arrang\u00f8ren er ansvarlig for moms, avgifter, forbrukerrettigheter, gjennomf\u00f8ring av arrangementet, endringer, avlysninger, resultater og premier.<\/span><\/strong><\/p><\/div><p dir=\"ltr\"><strong><span>Fishy Tech er ikke part i salgsavtalen mellom Brukeren og Arrang\u00f8ren med mindre annet er uttrykkelig angitt.<\/span><\/strong><\/p><p dir=\"ltr\"><span>Arrang\u00f8ren er ansvarlig for gjeldende moms, skatter og avgifter i forbindelse med salg av inngangspenger og produkter, i samsvar med del B.<\/span><\/p><h2 class=\"wp-block-heading\" dir=\"ltr\"><span>4. Tilgang til plattformen og kontoer<\/span><\/h2><p dir=\"ltr\"><strong><span>Noen funksjoner p\u00e5 plattformen krever opprettelse av en konto.<\/span><\/strong><\/p><p dir=\"ltr\"><strong><span>Brukerne er ansvarlige for:<\/span><\/strong><\/p><div style=\"margin-left:1.5em\"><p style=\"margin:0.2em 0\">\u2022 <strong><span>Gi n\u00f8yaktig og fullstendig informasjon;<\/span><\/strong><\/p><p style=\"margin:0.2em 0\">\u2022 <strong><span>Hold innloggingsdetaljer konfidensielle;<\/span><\/strong><\/p><p style=\"margin:0.2em 0\">\u2022 <strong><span>All aktivitet utf\u00f8rt via kontoen deres.<\/span><\/strong><\/p><\/div><p dir=\"ltr\"><strong><span>Fishy Tech kan begrense, suspendere eller avslutte tilgang der det er n\u00f8dvendig av hensyn til sikkerhet, overholdelse av lover, misbruk eller brudd p\u00e5 disse vilk\u00e5rene.<\/span><\/strong><\/p><h2 class=\"wp-block-heading\" dir=\"ltr\"><span>5. Tilgjengelighet og service som den er<\/span><\/h2><p dir=\"ltr\"><strong><span>Plattformen leveres etter beste evne, \"som den er\" og \"som tilgjengelig\".<\/span><\/strong><\/p><p dir=\"ltr\"><strong><span>Fishy Tech garanterer ikke at plattformen vil v\u00e6re uavbrutt, feilfri eller kontinuerlig tilgjengelig. Midlertidige avbrudd kan oppst\u00e5 p\u00e5 grunn av vedlikehold, oppdateringer, tredjepartsavhengigheter eller omstendigheter utenfor Fishy Techs rimelige kontroll.<\/span><\/strong><\/p><h2 class=\"wp-block-heading\" dir=\"ltr\"><span>6. Akseptabel bruk<\/span><\/h2><p dir=\"ltr\"><strong><span>Brukere kan ikke:<\/span><\/strong><\/p><div style=\"margin-left:1.5em\"><p style=\"margin:0.2em 0\">\u2022 <strong><span>bruke Plattformen i strid med gjeldende lov eller arrangementsregler;<\/span><\/strong><\/p><p style=\"margin:0.2em 0\">\u2022 <strong><span>fors\u00f8ke \u00e5 omg\u00e5 sikkerhets- eller tekniske beskyttelsestiltak;<\/span><\/strong><\/p><p style=\"margin:0.2em 0\">\u2022 <strong><span>laste opp ulovlig, villedende, st\u00f8tende eller krenkende innhold;<\/span><\/strong><\/p><p style=\"margin:0.2em 0\">\u2022 <strong><span>forstyrre driften av plattformen eller andre brukeres drift;<\/span><\/strong><\/p><p style=\"margin:0.2em 0\">\u2022 <strong><span>Misbruk av rapporterings-, vurderings- eller administrative verkt\u00f8y.<\/span><\/strong><\/p><\/div><p dir=\"ltr\"><strong><span>Fishy Tech kan fjerne innhold eller begrense tilgang der det er n\u00f8dvendig for \u00e5 beskytte plattformen, andre brukere eller for \u00e5 overholde juridiske krav.<\/span><\/strong><\/p><h2 class=\"wp-block-heading\" dir=\"ltr\"><span>7. Immaterielle rettigheter<\/span><\/h2><p dir=\"ltr\"><strong><span>Alle immaterielle rettigheter til plattformen, inkludert programvare, design, varemerker og dokumentasjon, tilh\u00f8rer Fishy Tech eller dets lisensgivere.<\/span><\/strong><\/p><p dir=\"ltr\"><strong><span>Brukere gis en begrenset, ikke-eksklusiv rett til \u00e5 bruke Plattformen til dens tiltenkte form\u00e5l. Ingen eierskapsrettigheter overf\u00f8res.<\/span><\/strong><\/p><h2 class=\"wp-block-heading\" dir=\"ltr\"><span>8. Personopplysninger og personvern (GDPR)<\/span><\/h2><p dir=\"ltr\"><strong><span>Fishy Tech behandler personopplysninger i samsvar med gjeldende personvernlovgivning, inkludert EUs personvernforordning (GDPR). <\/span><\/strong><\/p><p dir=\"ltr\"><strong><span>For plattformdrift fungerer Fishy Tech vanligvis som databehandler p\u00e5 vegne av arrang\u00f8rene. <\/span><\/strong><strong><span>For sine egne administrative form\u00e5l fungerer Fishy Tech som dataansvarlig.<\/span><\/strong><\/p><p dir=\"ltr\"><strong><span>Ytterligere informasjon om databehandling, rettigheter og sikkerhetstiltak er beskrevet i Fishy Techs personvernerkl\u00e6ring, som er tilgjengelig p\u00e5 plattformen. <\/span><span>Arrang\u00f8rer inng\u00e5r en separat databehandleravtale (DPA) med Fishy Tech der det er n\u00f8dvendig.<\/span><\/strong><\/p><p dir=\"ltr\"><span><em>For ytterligere detaljer, se \"Del C \u2013 GDPR\" nedenfor!<\/em><\/span><\/p><h2 class=\"wp-block-heading\" dir=\"ltr\"><span>9. Informasjonskapsler og sporing<\/span><\/h2><p dir=\"ltr\"><strong><span>Plattformen bruker informasjonskapsler og lignende teknologier for funksjonalitet, sikkerhet, analyse og brukeropplevelse. <\/span><span>Detaljer om bruk av informasjonskapsler og valg er beskrevet i Fishy Techs retningslinjer for informasjonskapsler, som er tilgjengelige p\u00e5 plattformen.<\/span><\/strong><\/p><h2 class=\"wp-block-heading\" dir=\"ltr\"><span>10. Tredjepartstjenester<\/span><\/h2><p dir=\"ltr\"><strong><span>Plattformen er avhengig av tredjepartstjenester som webhotellleverand\u00f8rer, betalingsportaler, karttjenester, e-post-\/SMS-leverand\u00f8rer og analyseverkt\u00f8y. <\/span><\/strong><strong><span>Fishy Tech er ikke ansvarlig for avbrudd, feil eller problemer for\u00e5rsaket av tredjepartstjenester utenfor deres rimelige kontroll.<\/span><\/strong><\/p><h2 class=\"wp-block-heading\" dir=\"ltr\"><span>11. Endringer i vilk\u00e5rene og betingelsene<\/span><\/h2><p dir=\"ltr\"><strong><span>Fishy Tech kan oppdatere disse vilk\u00e5rene og betingelsene fra tid til annen.<\/span><span><br \/><\/span><span>Vesentlige endringer vil bli kommunisert via Plattformen eller andre rimelige midler. Fortsatt bruk av Plattformen etter at oppdaterte Vilk\u00e5r trer i kraft, utgj\u00f8r aksept.<\/span><\/strong><\/p><h2 class=\"wp-block-heading\" dir=\"ltr\"><span>12. Ansvarsbegrensning<\/span><\/h2><p dir=\"ltr\"><strong><span>I den grad det er tillatt i henhold til gjeldende lov:<\/span><\/strong><\/p><p dir=\"ltr\"><strong><span>Fishy Tech er ikke ansvarlig for arrangementets gjennomf\u00f8ring, konkurranseresultater, premieavgj\u00f8relser eller arrang\u00f8rens oppf\u00f8rsel.<\/span><\/strong><\/p><p dir=\"ltr\"><strong><span>Fishy Tech er ikke ansvarlig for betalingsbehandling, oppgj\u00f8r eller refusjoner h\u00e5ndtert av arrang\u00f8rer eller betalingsbehandlere;<\/span><\/strong><\/p><p dir=\"ltr\"><strong><span>Fishy Tech er ikke ansvarlig for indirekte skader eller f\u00f8lgeskader, inkludert tap av inntekt, data eller forretningsmuligheter.<\/span><\/strong><\/p><p dir=\"ltr\"><strong><span>Ingenting i disse vilk\u00e5rene og betingelsene begrenser noe ansvar som ikke kan utelukkes ved ufravikelig lov.<\/span><\/strong><\/p><p dir=\"ltr\"><span><span>Dette inkluderer, uten begrensning, ansvar for merverdiavgift og andre avgifter regulert i avsnitt B.<\/span><\/span><\/p><h2 class=\"wp-block-heading\" dir=\"ltr\"><span>13. Suspensjon og oppsigelse<\/span><\/h2><p dir=\"ltr\"><strong><span>Fishy Tech kan midlertidig suspendere eller permanent avslutte tilgangen til plattformen i tilfeller av misbruk, juridiske krav, sikkerhetsrisikoer eller vesentlige brudd p\u00e5 disse vilk\u00e5rene.<\/span><\/strong><\/p><h2 class=\"wp-block-heading\" dir=\"ltr\"><span>14. Obligatoriske forbrukerrettigheter<\/span><\/h2><p dir=\"ltr\"><strong><span>Ingenting i disse vilk\u00e5rene og betingelsene p\u00e5virker rettigheter som ikke kan fraskrives i henhold til gjeldende forbrukervernlover. Obligatoriske forbrukerrettigheter gjelder alltid der det er relevant.<\/span><\/strong><\/p><h2 class=\"wp-block-heading\" dir=\"ltr\"><span>15. Gjeldende lov og tvister<\/span><\/h2><p dir=\"ltr\"><strong><span>Disse vilk\u00e5rene og betingelsene er underlagt svensk lov. <\/span><span>Tvister skal avgj\u00f8res av svenske alminnelige domstoler, med Stockholms tingsrett som f\u00f8rste instans, med mindre ufravikelig lov bestemmer noe annet.<\/span><\/strong><\/p><h2 class=\"wp-block-heading\"><span>Del B \u2013 Vilk\u00e5r for deltakelse og rapportering i appen<\/span><\/h2><h2 class=\"wp-block-heading\" dir=\"ltr\"><span>16. Verkt\u00f8y for deltakelse og rapportering<\/span><\/h2><p dir=\"ltr\"><strong><span>Rapporteringsappen og deltakelsesverkt\u00f8yene leveres som tekniske hjelpemidler for innsending av konkurransedata som fangstrapporter, bilder, m\u00e5linger, tidsstempler og posisjonsdata.<\/span><\/strong><\/p><p dir=\"ltr\"><strong><span>Fishy Tech verifiserer ikke den faktiske n\u00f8yaktigheten av innsendt informasjon.<\/span><\/strong><\/p><h2 class=\"wp-block-heading\" dir=\"ltr\"><span>17. Datainnsending og n\u00f8yaktighet<\/span><\/h2><p dir=\"ltr\"><strong><span>Deltakerne er eneansvarlige for \u00e5 s\u00f8rge for at innsendt informasjon er n\u00f8yaktig, sannferdig og i samsvar med arrangementets regler og arrang\u00f8rens instruksjoner.<\/span><\/strong><\/p><p dir=\"ltr\"><strong><span>Innsendinger fra nettet avhenger av enhetens funksjonalitet og brukeratferd, og kan lastes opp senere n\u00e5r tilkoblingen er gjenopprettet.<\/span><\/strong><\/p><h2 class=\"wp-block-heading\" dir=\"ltr\"><span>18. Fair Play og diskvalifikasjon<\/span><\/h2><p dir=\"ltr\"><strong><span>Arrang\u00f8rene har full myndighet til \u00e5 gjennomg\u00e5 p\u00e5meldinger, godkjenne eller avvise rapporter, tolke regler, diskvalifisere deltakere og bestemme rangeringer og resultater.<\/span><\/strong><\/p><p dir=\"ltr\"><strong><span>Fishy Tech blander seg ikke inn i vurderinger.<\/span><\/strong><\/p><h2 class=\"wp-block-heading\" dir=\"ltr\"><span>19. Frav\u00e6r av ansvar for resultater og premier<\/span><\/h2><p dir=\"ltr\"><strong><span>Fishy Tech velger ikke vinnere, deler ikke ut premier eller l\u00f8ser konkurransetvister. Alle konkurranserelaterte avgj\u00f8relser ligger utelukkende hos arrang\u00f8ren.<\/span><\/strong><\/p><h2 class=\"wp-block-heading\" dir=\"ltr\"><span>20. Innholdsrettigheter<\/span><\/h2><p dir=\"ltr\"><strong><span>Ved \u00e5 laste opp innhold gir deltakerne Fishy Tech og arrang\u00f8ren en ikke-eksklusiv, verdensomspennende rett til \u00e5 vise slikt innhold p\u00e5 plattformen og relaterte arrangementssider for konkurranse- og resultatform\u00e5l. Eierskapet forblir hos opplasteren.<\/span><\/strong><\/p><h2 class=\"wp-block-heading\" dir=\"ltr\"><span>21. Suspensjon av deltakelse<\/span><\/h2><p dir=\"ltr\"><strong><span>Fishy Tech kan begrense tilgangen til rapporteringsverkt\u00f8y ved misbruk, mistanke om juks, sikkerhetsproblemer eller brudd p\u00e5 disse vilk\u00e5rene og betingelsene eller arrang\u00f8rens regler.<\/span><\/strong><\/p><h2 class=\"wp-block-heading\" dir=\"ltr\"><span>22. Kontakt<\/span><\/h2><p dir=\"ltr\"><strong><span>Fishy Tech Sweden AB<\/span><span><br \/><\/span><span>Organisasjonsnummer: 559206-1641<\/span><span><br \/><\/span><span>Ginstv\u00e4gen 3, 197 34 Bro, Sverige<\/span><span><br \/><\/span><span>E-post:<\/span><span>st\u00f8tte@<span class=\"oe_displaynone\">null<\/span>fishy.nu<\/span><\/strong><\/p><p dir=\"ltr\"><strong><span><br \/><\/span><\/strong><\/p><h2 class=\"wp-block-heading\">Del B \u2013 Merverdiavgift (mva) og indirekte skatter<\/h2><p><strong>B1. Salgsrolle<\/strong><\/p><p dir=\"ltr\">Arrang\u00f8ren (\u201dKunden\u201d) er alltid den juridiske selgeren til sluttkunden for alt salg via Plattformen. Fishy Tech og eventuelle lokale partnere fungerer kun som tekniske mellomledd og er ikke selgere, skattebetalere eller betalingsmottakere p\u00e5 egne vegne, med mindre annet er uttrykkelig angitt.<\/p><p dir=\"ltr\">Alle lokale salgsaktiviteter gjennomf\u00f8res av lokale arrang\u00f8rer, om n\u00f8dvendig i samarbeid med lokale partnere.<\/p><p dir=\"ltr\"><strong>B2. Mva- og skatteinformasjon<\/strong><\/p><p dir=\"ltr\">Kunden er ansvarlig for \u00e5 oppgi korrekt MVA-status, gyldig MVA-\/GST-nummer og gjeldende MVA- og skattesatser i henhold til lokal lov i den aktuelle jurisdiksjonen.<\/p><p dir=\"ltr\"><strong>C3. Priser og utbetaling<\/strong><\/p><p dir=\"ltr\">Prisene p\u00e5 plattformen vises basert p\u00e5 kundens opplysninger. Fishy Tech eller en lokal partner kan teknisk sett innkreve og utbetale midler, men er ikke ansvarlige for n\u00f8yaktigheten av moms- eller skatteopplysninger og er ikke en skattepliktig part.<\/p><p dir=\"ltr\"><strong>C4. Klientens ansvar<\/strong><\/p><p dir=\"ltr\">Klienten er fullt ansvarlig for deklarering, regnskapsf\u00f8ring og betaling av merverdiavgift og andre indirekte skatter, samt for overholdelse av gjeldende regnskaps- og rapporteringskrav.<\/p><p dir=\"ltr\"><strong>C5. Ansvarsbegrensning<\/strong><\/p><p dir=\"ltr\">Fishy Tech og dets partnere er ikke ansvarlige for skattefeil som f\u00f8lge av Kundens informasjon eller utelatelser. Kunden skal holde Fishy Tech og dets partnere skadesl\u00f8se for skattekrav eller straffer som oppst\u00e5r i forbindelse med salget.<\/p><\/div><\/div>\n\n\n\n<h2 class=\"wp-block-heading\">Del C \u2013 GDPR<\/h2>\n\n\n\n<div class=\"fishy-gdpr fishy-gdpr-sv\"><div class=\"fishy-gdpr-header\"><h2 class=\"fishy-gdpr-title\">Fishy Techs personvernregler (GDPR)<\/h2><div class=\"fishy-gdpr-version\">Versjon: 2026-01-18<\/div><div class=\"fishy-gdpr-date\">Sist oppdatert: 2026-01-18<\/div><\/div><div class=\"fishy-gdpr-body\"><h3 class=\"wp-block-heading\">GDPR-datalagring og -h\u00e5ndtering \u2013 offentlig tillegg<\/h3><p><strong>Fishy Tech Sweden AB<\/strong><\/p><p>Fishy Tech Sweden AB tar beskyttelse av personopplysninger p\u00e5 alvor og er forpliktet til \u00e5 behandle personopplysninger p\u00e5 en transparent, sikker og lovlig m\u00e5te i samsvar med EUs personvernforordning (GDPR) og gjeldende nasjonal lovgivning. Dette dokumentet beskriver hvordan vi ser p\u00e5 GDPR-ansvar innenfor Fishy Live-\u00f8kosystemet og hvordan vi h\u00e5ndterer datalagring, anonymisering og rettigheter for den registrerte. Dette tillegget utfyller v\u00e5r personvernerkl\u00e6ring og andre juridiske dokumenter som er tilgjengelige p\u00e5 dette nettstedet.<\/p><h3 class=\"wp-block-heading\">V\u00e5r rolle og det fiske\u00f8kosystemet<\/h3><p>Fishy Tech Sweden AB tilbyr Fishy Live-plattformen, inkludert administrasjonspanelet, mobilapplikasjoner, dommerverkt\u00f8y og tekniske integrasjoner. I de fleste tilfeller fungerer Fishy Tech som <strong>personopplysningsbehandler<\/strong>, mens konkurransearrang\u00f8rene fungerer som <strong>behandlingsansvarlige<\/strong> for deltakerdata og konkurranserelaterte data. Betalingspartnere (\"landsoperat\u00f8rer\") fungerer som uavhengige eller felles databehandlere for betalingsbehandling. Hver part er ansvarlig for \u00e5 overholde GDPR innenfor sin respektive rolle, og ansvarsomr\u00e5dene er tydelig atskilt for \u00e5 sikre lovlig behandling.<\/p><h3 class=\"wp-block-heading\">Prinsipper vi f\u00f8lger<\/h3><p>Vi behandler personopplysninger kun for klart definerte form\u00e5l, basert p\u00e5 gyldig juridisk grunnlag, og kun s\u00e5 lenge det er n\u00f8dvendig. Vi anvender GDPR-prinsippene om lovlighet, rettferdighet, \u00e5penhet, dataminimering, n\u00f8yaktighet, lagringsminimering samt integritet og konfidensialitet. Personopplysninger er beskyttet av tekniske og organisatoriske sikkerhetstiltak, og tilgangen er begrenset til autorisert personell.<\/p><h3 class=\"wp-block-heading\">Lagringstider<\/h3><p>Personopplysninger lagres i definerte perioder avhengig av form\u00e5l og rettslig grunnlag:<\/p><div style=\"margin-left:1.5em\"><p>\u2022 <strong>Deltakerregistrering og konkurransebooking<\/strong> lagret i <strong>3 \u00e5r<\/strong> etter at en konkurranse er avsluttet. Etter denne perioden vil dataene bli gjenstand for automatisk anonymisering.<br \/><em>Rettslig grunnlag:<\/em> Kontrakt (Art. 6(1)(b))<\/p><p>\u2022 <strong>Fangstrapporter og relaterte konkurransedata<\/strong> (inkludert kommentarer og bilder) lagres i <strong>3 \u00e5r<\/strong> etter at konkurransen er avsluttet. Etter denne perioden blir rapportene anonymisert ved at personlige kommentarer slettes og bilder fjernes der det er aktuelt.<br \/><em>Rettslig grunnlag:<\/em> Kontrakt + legitim interesse<\/p><p>\u2022 <strong>Bestillinger, betalinger og \u00f8konomiske dokumenter<\/strong> lagret i <strong>7 \u00e5r<\/strong>, i samsvar med regnskaps- og skattelovgivningen. Disse dataene er begrenset til samsvarsform\u00e5l i oppbevaringsperioden og anonymiseres der det er lovlig tillatt n\u00e5r forpliktelsen opph\u00f8rer.<br \/><em>Rettslig grunnlag:<\/em> Rettslig forpliktelse (art. 6(1)(c))<\/p><p>\u2022 <strong>Kommunikasjonslogger<\/strong> (som st\u00f8ttemeldinger og systemkommunikasjon) lagres i <strong>1 \u00e5r<\/strong> og blir deretter slettet eller anonymisert.<br \/><em>Rettslig grunnlag:<\/em> legitim interesse<\/p><\/div><p>Ikke-personlige statistiske og analytiske data kan lagres p\u00e5 ubestemt tid n\u00e5r de er fullstendig anonymisert.<\/p><h3 class=\"wp-block-heading\">Anonymisering og sikkerhet<\/h3><p>N\u00e5r personopplysninger n\u00e5r slutten av oppbevaringsperioden, anonymiseres de ved hjelp av irreversible metoder. Dette inkluderer \u00e5 erstatte navn med <strong>Anonym bruker<\/strong>, tekstfelt med <strong>Anonym<\/strong>, og e-postadresser med anonymiserte verdier med domenet <strong>redigert.lokal<\/strong>.<br \/> P\u00e5 grunn av den offentlige eksponeringen av v\u00e5rt e-handelsmilj\u00f8, blir personopplysninger som er lagret i nettbutikken anonymisert oftere og automatisert n\u00e5r juridiske og driftsmessige krav er oppfylt. Anonymisering er irreversibel og logges for samsvars- og revisjonsform\u00e5l.<\/p><h3 class=\"wp-block-heading\">Rettigheter for den registrerte<\/h3><p>Personer hvis data behandles innenfor Fishy Live-\u00f8kosystemet har rett til \u00e5 be om tilgang, retting, begrensning, dataportabilitet og sletting av sine personopplysninger, i samsvar med GDPR. Vi vil svare p\u00e5 GDPR-foresp\u00f8rsler uten un\u00f8dig forsinkelse og senest innen <strong>30 dager<\/strong> fra mottak. I komplekse tilfeller kan denne perioden forlenges i samsvar med bestemmelsene i GDPR. Foresp\u00f8rsler som overstiger <strong>30 dager<\/strong> blir behandlet som kritiske og eskalert internt.<\/p><h3 class=\"wp-block-heading\">Juridiske begrensninger og unntak<\/h3><p>I visse situasjoner, for eksempel ved tvister, svindeleieretterforskning eller juridiske forpliktelser, kan det v\u00e6re n\u00f8dvendig \u00e5 lagre personopplysninger lenger enn standard oppbevaringsperiode. Slike forlengelser dokumenteres, har begrenset omfang og gjennomg\u00e5s regelmessig. N\u00e5r det juridiske grunnlaget for utvidet lagring ikke lenger eksisterer, utf\u00f8res anonymisering i samsvar med gjeldende retningslinjer.<\/p><h3 class=\"wp-block-heading\">\u00c5penhet og gransking<\/h3><p>Alle GDPR-relaterte handlinger, inkludert eksport, korrigering, anonymisering og sletting, loggf\u00f8res og kan revideres. Disse retningslinjene for datalagring gjennomg\u00e5s regelmessig for \u00e5 sikre fortsatt samsvar med GDPR, endrede juridiske krav og beste praksis for databeskyttelse.<\/p><p>For sp\u00f8rsm\u00e5l om GDPR eller behandling av personopplysninger i Fishy Live, se v\u00e5r personvernerkl\u00e6ring eller kontakt oss via kontaktinformasjonen p\u00e5 dette nettstedet.<\/p><p><em>GDPR-vilk\u00e5r Versjon: 2026-01-18 | Sist oppdatert: 2026-01-18<\/em><\/p><\/div><\/div>","protected":false},"excerpt":{"rendered":"<p>Del C \u2013 GDPR<\/p>","protected":false},"author":1,"featured_media":3778,"parent":0,"menu_order":0,"comment_status":"closed","ping_status":"closed","template":"","meta":{"_seopress_robots_primary_cat":"","_seopress_titles_title":"","_seopress_titles_desc":"","_seopress_robots_index":"","_seopress_analysis_target_kw":"","site-sidebar-layout":"default","site-content-layout":"default","ast-global-header-display":"","ast-banner-title-visibility":"","ast-main-header-display":"","ast-hfb-above-header-display":"","ast-hfb-below-header-display":"","ast-hfb-mobile-header-display":"","site-post-title":"","ast-breadcrumbs-content":"","ast-featured-img":"","footer-sml-layout":"","theme-transparent-header-meta":"","adv-header-id-meta":"","stick-header-meta":"","header-above-stick-meta":"","header-main-stick-meta":"","header-below-stick-meta":"","footnotes":""},"class_list":["post-95","page","type-page","status-publish","has-post-thumbnail","hentry"],"jetpack_sharing_enabled":true,"_links":{"self":[{"href":"https:\/\/www.fishy.nu\/no\/wp-json\/wp\/v2\/pages\/95","targetHints":{"allow":["GET"]}}],"collection":[{"href":"https:\/\/www.fishy.nu\/no\/wp-json\/wp\/v2\/pages"}],"about":[{"href":"https:\/\/www.fishy.nu\/no\/wp-json\/wp\/v2\/types\/page"}],"author":[{"embeddable":true,"href":"https:\/\/www.fishy.nu\/no\/wp-json\/wp\/v2\/users\/1"}],"replies":[{"embeddable":true,"href":"https:\/\/www.fishy.nu\/no\/wp-json\/wp\/v2\/comments?post=95"}],"version-history":[{"count":20,"href":"https:\/\/www.fishy.nu\/no\/wp-json\/wp\/v2\/pages\/95\/revisions"}],"predecessor-version":[{"id":4024,"href":"https:\/\/www.fishy.nu\/no\/wp-json\/wp\/v2\/pages\/95\/revisions\/4024"}],"wp:featuredmedia":[{"embeddable":true,"href":"https:\/\/www.fishy.nu\/no\/wp-json\/wp\/v2\/media\/3778"}],"wp:attachment":[{"href":"https:\/\/www.fishy.nu\/no\/wp-json\/wp\/v2\/media?parent=95"}],"curies":[{"name":"wp","href":"https:\/\/api.w.org\/{rel}","templated":true}]}}